{"id":8807,"date":"2020-12-01T11:09:59","date_gmt":"2020-12-01T11:09:59","guid":{"rendered":"https:\/\/nic-basel.ch\/familie\/chosen-youngstars\/"},"modified":"2023-10-10T11:57:43","modified_gmt":"2023-10-10T11:57:43","slug":"chosen-youngstars","status":"publish","type":"page","link":"https:\/\/nic-basel.ch\/de\/familie\/chosen-youngstars\/","title":{"rendered":"Chosen YoungStars"},"content":{"rendered":"\t\t<div data-elementor-type=\"wp-page\" data-elementor-id=\"8807\" class=\"elementor elementor-8807 elementor-7622\" data-elementor-post-type=\"page\">\n\t\t\t\t\t\t<section class=\"elementor-section elementor-top-section elementor-element elementor-element-525e770 elementor-section-height-min-height elementor-section-full_width elementor-section-content-top elementor-section-height-default elementor-section-items-middle\" data-id=\"525e770\" data-element_type=\"section\" data-e-type=\"section\" data-settings=\"{&quot;jet_parallax_layout_list&quot;:[{&quot;jet_parallax_layout_image&quot;:{&quot;url&quot;:&quot;https:\\\/\\\/nic-basel.ch\\\/wp-content\\\/uploads\\\/2020\\\/12\\\/web_youngstars.jpg&quot;,&quot;id&quot;:8677,&quot;size&quot;:&quot;&quot;},&quot;_id&quot;:&quot;b15b348&quot;,&quot;jet_parallax_layout_bg_y&quot;:80,&quot;jet_parallax_layout_bg_size&quot;:&quot;cover&quot;,&quot;jet_parallax_layout_animation_prop&quot;:&quot;bgposition&quot;,&quot;jet_parallax_layout_image_tablet&quot;:{&quot;url&quot;:&quot;&quot;,&quot;id&quot;:&quot;&quot;,&quot;size&quot;:&quot;&quot;},&quot;jet_parallax_layout_image_mobile&quot;:{&quot;url&quot;:&quot;&quot;,&quot;id&quot;:&quot;&quot;,&quot;size&quot;:&quot;&quot;},&quot;jet_parallax_layout_speed&quot;:{&quot;unit&quot;:&quot;%&quot;,&quot;size&quot;:50,&quot;sizes&quot;:[]},&quot;jet_parallax_layout_type&quot;:&quot;scroll&quot;,&quot;jet_parallax_layout_direction&quot;:&quot;1&quot;,&quot;jet_parallax_layout_fx_direction&quot;:null,&quot;jet_parallax_layout_z_index&quot;:&quot;&quot;,&quot;jet_parallax_layout_bg_x&quot;:50,&quot;jet_parallax_layout_bg_x_tablet&quot;:&quot;&quot;,&quot;jet_parallax_layout_bg_x_mobile&quot;:&quot;&quot;,&quot;jet_parallax_layout_bg_y_tablet&quot;:&quot;&quot;,&quot;jet_parallax_layout_bg_y_mobile&quot;:&quot;&quot;,&quot;jet_parallax_layout_bg_size_tablet&quot;:&quot;&quot;,&quot;jet_parallax_layout_bg_size_mobile&quot;:&quot;&quot;,&quot;jet_parallax_layout_on&quot;:[&quot;desktop&quot;,&quot;tablet&quot;]}]}\">\n\t\t\t\t\t\t<div class=\"elementor-container elementor-column-gap-default\">\n\t\t\t\t\t<div class=\"elementor-column elementor-col-100 elementor-top-column elementor-element elementor-element-f864d01\" data-id=\"f864d01\" data-element_type=\"column\" data-e-type=\"column\">\n\t\t\t<div class=\"elementor-widget-wrap elementor-element-populated\">\n\t\t\t\t\t\t<div class=\"elementor-element elementor-element-24c7b03 elementor-widget elementor-widget-text-editor\" data-id=\"24c7b03\" data-element_type=\"widget\" data-e-type=\"widget\" data-widget_type=\"text-editor.default\">\n\t\t\t\t\t\t\t\t\t<p style=\"text-align: center;\">Chosen YoungStars<\/p>\n\t\t\t\t\t\t\t\t<\/div>\n\t\t\t\t\t<\/div>\n\t\t<\/div>\n\t\t\t\t\t<\/div>\n\t\t<\/section>\n\t\t\t\t<section class=\"elementor-section elementor-top-section elementor-element elementor-element-982b9e6 elementor-hidden-desktop elementor-section-boxed elementor-section-height-default elementor-section-height-default\" data-id=\"982b9e6\" data-element_type=\"section\" data-e-type=\"section\" data-settings=\"{&quot;jet_parallax_layout_list&quot;:[{&quot;jet_parallax_layout_image&quot;:{&quot;url&quot;:&quot;https:\\\/\\\/nic-basel.ch\\\/wp-content\\\/uploads\\\/2020\\\/12\\\/web_youngstars.jpg&quot;,&quot;id&quot;:8677,&quot;size&quot;:&quot;&quot;},&quot;_id&quot;:&quot;b15b348&quot;,&quot;jet_parallax_layout_speed&quot;:{&quot;unit&quot;:&quot;%&quot;,&quot;size&quot;:0,&quot;sizes&quot;:[]},&quot;jet_parallax_layout_type&quot;:&quot;none&quot;,&quot;jet_parallax_layout_bg_y&quot;:20,&quot;jet_parallax_layout_bg_size&quot;:&quot;cover&quot;,&quot;jet_parallax_layout_animation_prop&quot;:null,&quot;jet_parallax_layout_image_tablet&quot;:{&quot;url&quot;:&quot;&quot;,&quot;id&quot;:&quot;&quot;,&quot;size&quot;:&quot;&quot;},&quot;jet_parallax_layout_image_mobile&quot;:{&quot;url&quot;:&quot;&quot;,&quot;id&quot;:&quot;&quot;,&quot;size&quot;:&quot;&quot;},&quot;jet_parallax_layout_direction&quot;:null,&quot;jet_parallax_layout_fx_direction&quot;:null,&quot;jet_parallax_layout_z_index&quot;:&quot;&quot;,&quot;jet_parallax_layout_bg_x&quot;:50,&quot;jet_parallax_layout_bg_x_tablet&quot;:&quot;&quot;,&quot;jet_parallax_layout_bg_x_mobile&quot;:&quot;&quot;,&quot;jet_parallax_layout_bg_y_tablet&quot;:&quot;&quot;,&quot;jet_parallax_layout_bg_y_mobile&quot;:&quot;&quot;,&quot;jet_parallax_layout_bg_size_tablet&quot;:&quot;&quot;,&quot;jet_parallax_layout_bg_size_mobile&quot;:&quot;&quot;,&quot;jet_parallax_layout_on&quot;:[&quot;desktop&quot;,&quot;tablet&quot;]}]}\">\n\t\t\t\t\t\t<div class=\"elementor-container elementor-column-gap-default\">\n\t\t\t\t\t<div class=\"elementor-column elementor-col-100 elementor-top-column elementor-element elementor-element-93ece15\" data-id=\"93ece15\" data-element_type=\"column\" data-e-type=\"column\">\n\t\t\t<div class=\"elementor-widget-wrap elementor-element-populated\">\n\t\t\t\t\t\t<div class=\"elementor-element elementor-element-c29db63 elementor-widget elementor-widget-text-editor\" data-id=\"c29db63\" data-element_type=\"widget\" data-e-type=\"widget\" data-widget_type=\"text-editor.default\">\n\t\t\t\t\t\t\t\t\t<p style=\"text-align: center;\">Chosen YoungStars<\/p>\n\t\t\t\t\t\t\t\t<\/div>\n\t\t\t\t\t<\/div>\n\t\t<\/div>\n\t\t\t\t\t<\/div>\n\t\t<\/section>\n\t\t\t\t<section class=\"elementor-section elementor-top-section elementor-element elementor-element-3dd9864 elementor-section-stretched elementor-section-boxed elementor-section-height-default elementor-section-height-default\" data-id=\"3dd9864\" data-element_type=\"section\" data-e-type=\"section\" data-settings=\"{&quot;jet_parallax_layout_list&quot;:[{&quot;jet_parallax_layout_image&quot;:{&quot;url&quot;:&quot;&quot;,&quot;id&quot;:&quot;&quot;,&quot;size&quot;:&quot;&quot;},&quot;_id&quot;:&quot;ac903c7&quot;,&quot;jet_parallax_layout_image_tablet&quot;:{&quot;url&quot;:&quot;&quot;,&quot;id&quot;:&quot;&quot;,&quot;size&quot;:&quot;&quot;},&quot;jet_parallax_layout_image_mobile&quot;:{&quot;url&quot;:&quot;&quot;,&quot;id&quot;:&quot;&quot;,&quot;size&quot;:&quot;&quot;},&quot;jet_parallax_layout_speed&quot;:{&quot;unit&quot;:&quot;%&quot;,&quot;size&quot;:50,&quot;sizes&quot;:[]},&quot;jet_parallax_layout_type&quot;:&quot;scroll&quot;,&quot;jet_parallax_layout_direction&quot;:&quot;1&quot;,&quot;jet_parallax_layout_fx_direction&quot;:null,&quot;jet_parallax_layout_z_index&quot;:&quot;&quot;,&quot;jet_parallax_layout_bg_x&quot;:50,&quot;jet_parallax_layout_bg_x_tablet&quot;:&quot;&quot;,&quot;jet_parallax_layout_bg_x_mobile&quot;:&quot;&quot;,&quot;jet_parallax_layout_bg_y&quot;:50,&quot;jet_parallax_layout_bg_y_tablet&quot;:&quot;&quot;,&quot;jet_parallax_layout_bg_y_mobile&quot;:&quot;&quot;,&quot;jet_parallax_layout_bg_size&quot;:&quot;auto&quot;,&quot;jet_parallax_layout_bg_size_tablet&quot;:&quot;&quot;,&quot;jet_parallax_layout_bg_size_mobile&quot;:&quot;&quot;,&quot;jet_parallax_layout_animation_prop&quot;:&quot;transform&quot;,&quot;jet_parallax_layout_on&quot;:[&quot;desktop&quot;,&quot;tablet&quot;]}],&quot;stretch_section&quot;:&quot;section-stretched&quot;}\">\n\t\t\t\t\t\t<div class=\"elementor-container elementor-column-gap-no\">\n\t\t\t\t\t<div class=\"elementor-column elementor-col-100 elementor-top-column elementor-element elementor-element-bd4b2a3\" data-id=\"bd4b2a3\" data-element_type=\"column\" data-e-type=\"column\">\n\t\t\t<div class=\"elementor-widget-wrap elementor-element-populated\">\n\t\t\t\t\t\t<div class=\"elementor-element elementor-element-60e1260 jet-breadcrumbs-align-right elementor-widget elementor-widget-jet-breadcrumbs\" data-id=\"60e1260\" data-element_type=\"widget\" data-e-type=\"widget\" data-widget_type=\"jet-breadcrumbs.default\">\n\t\t\t\t<div class=\"elementor-widget-container\">\n\t\t\t\t\t<div class=\"elementor-jet-breadcrumbs jet-blocks\">\n\t\t<div class=\"jet-breadcrumbs\">\n\t\t<div class=\"jet-breadcrumbs__content\">\n\t\t<div class=\"jet-breadcrumbs__wrap\"><div class=\"jet-breadcrumbs__item\"><a href=\"https:\/\/nic-basel.ch\/de\/\" class=\"jet-breadcrumbs__item-link is-home\" rel=\"home\" title=\"Startseite\">Startseite<\/a><\/div>\n\t\t<\/div>\n\t\t<\/div>\n\t\t<\/div><\/div>\t\t\t\t<\/div>\n\t\t\t\t<\/div>\n\t\t\t\t\t<\/div>\n\t\t<\/div>\n\t\t\t\t\t<\/div>\n\t\t<\/section>\n\t\t\t\t<section class=\"elementor-section elementor-top-section elementor-element elementor-element-aa273ba elementor-section-content-middle elementor-section-boxed elementor-section-height-default elementor-section-height-default\" data-id=\"aa273ba\" data-element_type=\"section\" data-e-type=\"section\" data-settings=\"{&quot;jet_parallax_layout_list&quot;:[{&quot;jet_parallax_layout_speed&quot;:{&quot;unit&quot;:&quot;%&quot;,&quot;size&quot;:51,&quot;sizes&quot;:[]},&quot;jet_parallax_layout_z_index&quot;:1,&quot;jet_parallax_layout_bg_x&quot;:44,&quot;_id&quot;:&quot;0663af8&quot;,&quot;jet_parallax_layout_image&quot;:{&quot;url&quot;:&quot;&quot;,&quot;id&quot;:&quot;&quot;,&quot;size&quot;:&quot;&quot;},&quot;jet_parallax_layout_image_tablet&quot;:{&quot;url&quot;:&quot;&quot;,&quot;id&quot;:&quot;&quot;,&quot;size&quot;:&quot;&quot;},&quot;jet_parallax_layout_image_mobile&quot;:{&quot;url&quot;:&quot;&quot;,&quot;id&quot;:&quot;&quot;,&quot;size&quot;:&quot;&quot;},&quot;jet_parallax_layout_type&quot;:&quot;scroll&quot;,&quot;jet_parallax_layout_direction&quot;:&quot;1&quot;,&quot;jet_parallax_layout_fx_direction&quot;:null,&quot;jet_parallax_layout_bg_x_tablet&quot;:&quot;&quot;,&quot;jet_parallax_layout_bg_x_mobile&quot;:&quot;&quot;,&quot;jet_parallax_layout_bg_y&quot;:50,&quot;jet_parallax_layout_bg_y_tablet&quot;:&quot;&quot;,&quot;jet_parallax_layout_bg_y_mobile&quot;:&quot;&quot;,&quot;jet_parallax_layout_bg_size&quot;:&quot;auto&quot;,&quot;jet_parallax_layout_bg_size_tablet&quot;:&quot;&quot;,&quot;jet_parallax_layout_bg_size_mobile&quot;:&quot;&quot;,&quot;jet_parallax_layout_animation_prop&quot;:&quot;transform&quot;,&quot;jet_parallax_layout_on&quot;:[&quot;desktop&quot;,&quot;tablet&quot;]},{&quot;_id&quot;:&quot;0f4f5c1&quot;,&quot;jet_parallax_layout_image&quot;:{&quot;url&quot;:&quot;&quot;,&quot;id&quot;:&quot;&quot;,&quot;size&quot;:&quot;&quot;},&quot;jet_parallax_layout_image_tablet&quot;:{&quot;url&quot;:&quot;&quot;,&quot;id&quot;:&quot;&quot;,&quot;size&quot;:&quot;&quot;},&quot;jet_parallax_layout_image_mobile&quot;:{&quot;url&quot;:&quot;&quot;,&quot;id&quot;:&quot;&quot;,&quot;size&quot;:&quot;&quot;},&quot;jet_parallax_layout_speed&quot;:{&quot;unit&quot;:&quot;%&quot;,&quot;size&quot;:50,&quot;sizes&quot;:[]},&quot;jet_parallax_layout_type&quot;:&quot;scroll&quot;,&quot;jet_parallax_layout_direction&quot;:&quot;1&quot;,&quot;jet_parallax_layout_fx_direction&quot;:null,&quot;jet_parallax_layout_z_index&quot;:&quot;&quot;,&quot;jet_parallax_layout_bg_x&quot;:50,&quot;jet_parallax_layout_bg_x_tablet&quot;:&quot;&quot;,&quot;jet_parallax_layout_bg_x_mobile&quot;:&quot;&quot;,&quot;jet_parallax_layout_bg_y&quot;:50,&quot;jet_parallax_layout_bg_y_tablet&quot;:&quot;&quot;,&quot;jet_parallax_layout_bg_y_mobile&quot;:&quot;&quot;,&quot;jet_parallax_layout_bg_size&quot;:&quot;auto&quot;,&quot;jet_parallax_layout_bg_size_tablet&quot;:&quot;&quot;,&quot;jet_parallax_layout_bg_size_mobile&quot;:&quot;&quot;,&quot;jet_parallax_layout_animation_prop&quot;:&quot;transform&quot;,&quot;jet_parallax_layout_on&quot;:[&quot;desktop&quot;,&quot;tablet&quot;]}]}\">\n\t\t\t\t\t\t<div class=\"elementor-container elementor-column-gap-no\">\n\t\t\t\t\t<div class=\"elementor-column elementor-col-100 elementor-top-column elementor-element elementor-element-0b90277\" data-id=\"0b90277\" data-element_type=\"column\" data-e-type=\"column\">\n\t\t\t<div class=\"elementor-widget-wrap elementor-element-populated\">\n\t\t\t\t\t\t<div class=\"elementor-element elementor-element-b70f661 elementor-widget elementor-widget-heading\" data-id=\"b70f661\" data-element_type=\"widget\" data-e-type=\"widget\" data-widget_type=\"heading.default\">\n\t\t\t\t\t<h5 class=\"elementor-heading-title elementor-size-default\">Jugendliche aufbauen f\u00fcr Gr\u00f6sseres<\/h5>\t\t\t\t<\/div>\n\t\t\t\t<div class=\"elementor-element elementor-element-6ad8fb5 elementor-widget elementor-widget-text-editor\" data-id=\"6ad8fb5\" data-element_type=\"widget\" data-e-type=\"widget\" data-widget_type=\"text-editor.default\">\n\t\t\t\t\t\t\t\t\t<p><strong><span id=\"en-NIV-29240\" class=\"text Eph-2-10\">&#8222;Denn wir sind Sein Werk, erschaffen in Christus Jesus zu guten Werken, die Gott zuvor bereitet hat, damit wir in ihnen wandeln sollen.<\/span>&#8220; Eph. 2:10 (SCH2000)<br \/><\/strong><\/p>\n<p>In dieser Gruppe f\u00fcllen wir die Jugendlichen mit Wahrheit. Wir helfen ihnen, sich mit den Problemen des echten Lebens auseinanderzusetzen. Wir sprechen mit ihnen \u00fcber die Welt und ihre Vergn\u00fcgungen und das Reich Gottes. Hier wollen wir lernen, wie wir als B\u00fcrger des K\u00f6nigreiches werden k\u00f6nnen.<\/p>\n<p>Zweitens wollen wir jede Gabe aus ihnen hervorbringen und ihre gottgegebenen Talente und Gaben f\u00f6rdern. Sie sollen die M\u00f6glichkeit erhalten, aktiv im Gottesdienst eingebunden zu werden, in dem Bereich wo ihre Gaben liegen.<\/p>\n<p>Gemeinsam planen wir Projekte und realisieren sie.<\/p>\n<p>Wir wollen eine aktive Gemeinschaft aufbauen mit der Vision eines &#8222;NIC Jugendhauses&#8220; wo die Jugendlichen jede Woche Inputs zu aktuellen Themen erhalten und den n\u00e4chsten Kindergottesdienst vorbereiten.<\/p>\n<p>Dies soll ein Ort sein, an dem die Jugendlichen Gemeinschaft und Spa\u00df miteinander haben, aber auch geistlich f\u00fcr das Leben gest\u00e4rkt werden. <\/p>\n\t\t\t\t\t\t\t\t<\/div>\n\t\t\t\t<div class=\"elementor-element elementor-element-69f1eb7 elementor-widget elementor-widget-text-editor\" data-id=\"69f1eb7\" data-element_type=\"widget\" data-e-type=\"widget\" data-widget_type=\"text-editor.default\">\n\t\t\t\t\t\t\t\t\t<p>Wir w\u00fcrden uns sehr freuen, dich bei uns begr\u00fc\u00dfen zu d\u00fcrfen. Gerne kannst du einen unserer Mitarbeiter ansprechen, um mehr \u00fcber die aktuellen Gruppen zu erfahren, die wir in unserem Dienst vor Ort anbieten.<\/p>\n\t\t\t\t\t\t\t\t<\/div>\n\t\t\t\t\t<\/div>\n\t\t<\/div>\n\t\t\t\t\t<\/div>\n\t\t<\/section>\n\t\t\t\t<\/div>\n\t\t","protected":false},"excerpt":{"rendered":"<p>Chosen YoungStars Chosen YoungStars Startseite Jugendliche aufbauen f\u00fcr Gr\u00f6sseres &#8222;Denn wir sind Sein Werk, erschaffen in Christus Jesus zu guten Werken, die Gott zuvor bereitet hat, damit wir in ihnen wandeln sollen.&#8220; Eph. 2:10 (SCH2000) In dieser Gruppe f\u00fcllen wir die Jugendlichen mit Wahrheit. Wir helfen ihnen, sich mit den Problemen des echten Lebens auseinanderzusetzen. [&hellip;]<\/p>\n","protected":false},"author":1,"featured_media":0,"parent":4282,"menu_order":0,"comment_status":"closed","ping_status":"closed","template":"elementor_header_footer","meta":{"footnotes":""},"class_list":["post-8807","page","type-page","status-publish","hentry"],"yoast_head":"<!-- This site is optimized with the Yoast SEO plugin v27.5 - https:\/\/yoast.com\/product\/yoast-seo-wordpress\/ -->\n<title>Chosen YoungStars - New International Church<\/title>\n<meta name=\"description\" content=\"Willkommen im Zuhause der Wiederherstellung. Wir sind eine prophetisch-apostolische Bewegung auf gegenw\u00e4rtig drei Kontinenten. Jesus ist unser Herr, Gebet ist der Schl\u00fcssel, Gottes Zeit ist die Beste um Unerreichte zu erreichen.\" \/>\n<meta name=\"robots\" content=\"index, follow, max-snippet:-1, max-image-preview:large, max-video-preview:-1\" \/>\n<link rel=\"canonical\" href=\"https:\/\/nic-basel.ch\/de\/familie\/chosen-youngstars\/\" \/>\n<meta property=\"og:locale\" content=\"de_DE\" \/>\n<meta property=\"og:type\" content=\"article\" \/>\n<meta property=\"og:title\" content=\"Chosen YoungStars - New International Church\" \/>\n<meta property=\"og:description\" content=\"Willkommen im Zuhause der Wiederherstellung. Wir sind eine prophetisch-apostolische Bewegung auf gegenw\u00e4rtig drei Kontinenten. Jesus ist unser Herr, Gebet ist der Schl\u00fcssel, Gottes Zeit ist die Beste um Unerreichte zu erreichen.\" \/>\n<meta property=\"og:url\" content=\"https:\/\/nic-basel.ch\/de\/familie\/chosen-youngstars\/\" \/>\n<meta property=\"og:site_name\" content=\"New International Church\" \/>\n<meta property=\"article:publisher\" content=\"https:\/\/www.facebook.com\/nicbasel\" \/>\n<meta property=\"article:modified_time\" content=\"2023-10-10T11:57:43+00:00\" \/>\n<meta property=\"og:image\" content=\"https:\/\/nic-basel.ch\/wp-content\/uploads\/2024\/02\/web_header.jpg\" \/>\n\t<meta property=\"og:image:width\" content=\"2055\" \/>\n\t<meta property=\"og:image:height\" content=\"1265\" \/>\n\t<meta property=\"og:image:type\" content=\"image\/jpeg\" \/>\n<meta name=\"twitter:card\" content=\"summary_large_image\" \/>\n<meta name=\"twitter:label1\" content=\"Gesch\u00e4tzte Lesezeit\" \/>\n\t<meta name=\"twitter:data1\" content=\"2\u00a0Minuten\" \/>\n<script type=\"application\/ld+json\" class=\"yoast-schema-graph\">{\"@context\":\"https:\\\/\\\/schema.org\",\"@graph\":[{\"@type\":\"WebPage\",\"@id\":\"https:\\\/\\\/nic-basel.ch\\\/de\\\/familie\\\/chosen-youngstars\\\/\",\"url\":\"https:\\\/\\\/nic-basel.ch\\\/de\\\/familie\\\/chosen-youngstars\\\/\",\"name\":\"Chosen YoungStars - New International Church\",\"isPartOf\":{\"@id\":\"https:\\\/\\\/nic-basel.ch\\\/de\\\/#website\"},\"datePublished\":\"2020-12-01T11:09:59+00:00\",\"dateModified\":\"2023-10-10T11:57:43+00:00\",\"description\":\"Willkommen im Zuhause der Wiederherstellung. Wir sind eine prophetisch-apostolische Bewegung auf gegenw\u00e4rtig drei Kontinenten. Jesus ist unser Herr, Gebet ist der Schl\u00fcssel, Gottes Zeit ist die Beste um Unerreichte zu erreichen.\",\"breadcrumb\":{\"@id\":\"https:\\\/\\\/nic-basel.ch\\\/de\\\/familie\\\/chosen-youngstars\\\/#breadcrumb\"},\"inLanguage\":\"de\",\"potentialAction\":[{\"@type\":\"ReadAction\",\"target\":[\"https:\\\/\\\/nic-basel.ch\\\/de\\\/familie\\\/chosen-youngstars\\\/\"]}]},{\"@type\":\"BreadcrumbList\",\"@id\":\"https:\\\/\\\/nic-basel.ch\\\/de\\\/familie\\\/chosen-youngstars\\\/#breadcrumb\",\"itemListElement\":[{\"@type\":\"ListItem\",\"position\":1,\"name\":\"Home\",\"item\":\"https:\\\/\\\/nic-basel.ch\\\/de\\\/\"},{\"@type\":\"ListItem\",\"position\":2,\"name\":\"Family\",\"item\":\"https:\\\/\\\/nic-basel.ch\\\/de\\\/familie\\\/\"},{\"@type\":\"ListItem\",\"position\":3,\"name\":\"Chosen YoungStars\"}]},{\"@type\":\"WebSite\",\"@id\":\"https:\\\/\\\/nic-basel.ch\\\/de\\\/#website\",\"url\":\"https:\\\/\\\/nic-basel.ch\\\/de\\\/\",\"name\":\"New International Church Basel\",\"description\":\"Welcome to the Home of Restoration - Willkommen im Zuhause der Wiederherstellung\",\"publisher\":{\"@id\":\"https:\\\/\\\/nic-basel.ch\\\/de\\\/#organization\"},\"potentialAction\":[{\"@type\":\"SearchAction\",\"target\":{\"@type\":\"EntryPoint\",\"urlTemplate\":\"https:\\\/\\\/nic-basel.ch\\\/de\\\/?s={search_term_string}\"},\"query-input\":{\"@type\":\"PropertyValueSpecification\",\"valueRequired\":true,\"valueName\":\"search_term_string\"}}],\"inLanguage\":\"de\"},{\"@type\":\"Organization\",\"@id\":\"https:\\\/\\\/nic-basel.ch\\\/de\\\/#organization\",\"name\":\"New International Church\",\"url\":\"https:\\\/\\\/nic-basel.ch\\\/de\\\/\",\"logo\":{\"@type\":\"ImageObject\",\"inLanguage\":\"de\",\"@id\":\"https:\\\/\\\/nic-basel.ch\\\/de\\\/#\\\/schema\\\/logo\\\/image\\\/\",\"url\":\"https:\\\/\\\/nic-basel.ch\\\/wp-content\\\/uploads\\\/2020\\\/04\\\/secondary_circle_logo.png\",\"contentUrl\":\"https:\\\/\\\/nic-basel.ch\\\/wp-content\\\/uploads\\\/2020\\\/04\\\/secondary_circle_logo.png\",\"width\":690,\"height\":690,\"caption\":\"New International Church\"},\"image\":{\"@id\":\"https:\\\/\\\/nic-basel.ch\\\/de\\\/#\\\/schema\\\/logo\\\/image\\\/\"},\"sameAs\":[\"https:\\\/\\\/www.facebook.com\\\/nicbasel\",\"https:\\\/\\\/www.instagram.com\\\/nicbasel\\\/\",\"https:\\\/\\\/www.youtube.com\\\/@newinternationalchurchbasel\"]}]}<\/script>\n<!-- \/ Yoast SEO plugin. -->","yoast_head_json":{"title":"Chosen YoungStars - New International Church","description":"Willkommen im Zuhause der Wiederherstellung. Wir sind eine prophetisch-apostolische Bewegung auf gegenw\u00e4rtig drei Kontinenten. Jesus ist unser Herr, Gebet ist der Schl\u00fcssel, Gottes Zeit ist die Beste um Unerreichte zu erreichen.","robots":{"index":"index","follow":"follow","max-snippet":"max-snippet:-1","max-image-preview":"max-image-preview:large","max-video-preview":"max-video-preview:-1"},"canonical":"https:\/\/nic-basel.ch\/de\/familie\/chosen-youngstars\/","og_locale":"de_DE","og_type":"article","og_title":"Chosen YoungStars - New International Church","og_description":"Willkommen im Zuhause der Wiederherstellung. Wir sind eine prophetisch-apostolische Bewegung auf gegenw\u00e4rtig drei Kontinenten. Jesus ist unser Herr, Gebet ist der Schl\u00fcssel, Gottes Zeit ist die Beste um Unerreichte zu erreichen.","og_url":"https:\/\/nic-basel.ch\/de\/familie\/chosen-youngstars\/","og_site_name":"New International Church","article_publisher":"https:\/\/www.facebook.com\/nicbasel","article_modified_time":"2023-10-10T11:57:43+00:00","og_image":[{"width":2055,"height":1265,"url":"https:\/\/nic-basel.ch\/wp-content\/uploads\/2024\/02\/web_header.jpg","type":"image\/jpeg"}],"twitter_card":"summary_large_image","twitter_misc":{"Gesch\u00e4tzte Lesezeit":"2\u00a0Minuten"},"schema":{"@context":"https:\/\/schema.org","@graph":[{"@type":"WebPage","@id":"https:\/\/nic-basel.ch\/de\/familie\/chosen-youngstars\/","url":"https:\/\/nic-basel.ch\/de\/familie\/chosen-youngstars\/","name":"Chosen YoungStars - New International Church","isPartOf":{"@id":"https:\/\/nic-basel.ch\/de\/#website"},"datePublished":"2020-12-01T11:09:59+00:00","dateModified":"2023-10-10T11:57:43+00:00","description":"Willkommen im Zuhause der Wiederherstellung. Wir sind eine prophetisch-apostolische Bewegung auf gegenw\u00e4rtig drei Kontinenten. Jesus ist unser Herr, Gebet ist der Schl\u00fcssel, Gottes Zeit ist die Beste um Unerreichte zu erreichen.","breadcrumb":{"@id":"https:\/\/nic-basel.ch\/de\/familie\/chosen-youngstars\/#breadcrumb"},"inLanguage":"de","potentialAction":[{"@type":"ReadAction","target":["https:\/\/nic-basel.ch\/de\/familie\/chosen-youngstars\/"]}]},{"@type":"BreadcrumbList","@id":"https:\/\/nic-basel.ch\/de\/familie\/chosen-youngstars\/#breadcrumb","itemListElement":[{"@type":"ListItem","position":1,"name":"Home","item":"https:\/\/nic-basel.ch\/de\/"},{"@type":"ListItem","position":2,"name":"Family","item":"https:\/\/nic-basel.ch\/de\/familie\/"},{"@type":"ListItem","position":3,"name":"Chosen YoungStars"}]},{"@type":"WebSite","@id":"https:\/\/nic-basel.ch\/de\/#website","url":"https:\/\/nic-basel.ch\/de\/","name":"New International Church Basel","description":"Welcome to the Home of Restoration - Willkommen im Zuhause der Wiederherstellung","publisher":{"@id":"https:\/\/nic-basel.ch\/de\/#organization"},"potentialAction":[{"@type":"SearchAction","target":{"@type":"EntryPoint","urlTemplate":"https:\/\/nic-basel.ch\/de\/?s={search_term_string}"},"query-input":{"@type":"PropertyValueSpecification","valueRequired":true,"valueName":"search_term_string"}}],"inLanguage":"de"},{"@type":"Organization","@id":"https:\/\/nic-basel.ch\/de\/#organization","name":"New International Church","url":"https:\/\/nic-basel.ch\/de\/","logo":{"@type":"ImageObject","inLanguage":"de","@id":"https:\/\/nic-basel.ch\/de\/#\/schema\/logo\/image\/","url":"https:\/\/nic-basel.ch\/wp-content\/uploads\/2020\/04\/secondary_circle_logo.png","contentUrl":"https:\/\/nic-basel.ch\/wp-content\/uploads\/2020\/04\/secondary_circle_logo.png","width":690,"height":690,"caption":"New International Church"},"image":{"@id":"https:\/\/nic-basel.ch\/de\/#\/schema\/logo\/image\/"},"sameAs":["https:\/\/www.facebook.com\/nicbasel","https:\/\/www.instagram.com\/nicbasel\/","https:\/\/www.youtube.com\/@newinternationalchurchbasel"]}]}},"_links":{"self":[{"href":"https:\/\/nic-basel.ch\/de\/wp-json\/wp\/v2\/pages\/8807","targetHints":{"allow":["GET"]}}],"collection":[{"href":"https:\/\/nic-basel.ch\/de\/wp-json\/wp\/v2\/pages"}],"about":[{"href":"https:\/\/nic-basel.ch\/de\/wp-json\/wp\/v2\/types\/page"}],"author":[{"embeddable":true,"href":"https:\/\/nic-basel.ch\/de\/wp-json\/wp\/v2\/users\/1"}],"replies":[{"embeddable":true,"href":"https:\/\/nic-basel.ch\/de\/wp-json\/wp\/v2\/comments?post=8807"}],"version-history":[{"count":0,"href":"https:\/\/nic-basel.ch\/de\/wp-json\/wp\/v2\/pages\/8807\/revisions"}],"up":[{"embeddable":true,"href":"https:\/\/nic-basel.ch\/de\/wp-json\/wp\/v2\/pages\/4282"}],"wp:attachment":[{"href":"https:\/\/nic-basel.ch\/de\/wp-json\/wp\/v2\/media?parent=8807"}],"curies":[{"name":"wp","href":"https:\/\/api.w.org\/{rel}","templated":true}]}}