{"id":7361,"date":"2020-11-05T09:57:52","date_gmt":"2020-11-05T09:57:52","guid":{"rendered":"https:\/\/nic-basel.ch\/thank-you-page\/"},"modified":"2024-03-02T23:10:06","modified_gmt":"2024-03-02T23:10:06","slug":"danke","status":"publish","type":"page","link":"https:\/\/nic-basel.ch\/de\/spende\/danke\/","title":{"rendered":"Dankesch\u00f6n"},"content":{"rendered":"\t\t<div data-elementor-type=\"wp-page\" data-elementor-id=\"7361\" class=\"elementor elementor-7361 elementor-7179\" data-elementor-post-type=\"page\">\n\t\t\t\t<div class=\"elementor-element elementor-element-5ad8397 e-con-full e-flex e-con e-parent\" data-id=\"5ad8397\" data-element_type=\"container\" data-e-type=\"container\" data-settings=\"{&quot;background_background&quot;:&quot;classic&quot;,&quot;jet_parallax_layout_list&quot;:[{&quot;_id&quot;:&quot;cb099fa&quot;,&quot;jet_parallax_layout_image&quot;:{&quot;url&quot;:&quot;&quot;,&quot;id&quot;:&quot;&quot;,&quot;size&quot;:&quot;&quot;},&quot;jet_parallax_layout_image_tablet&quot;:{&quot;url&quot;:&quot;&quot;,&quot;id&quot;:&quot;&quot;,&quot;size&quot;:&quot;&quot;},&quot;jet_parallax_layout_image_mobile&quot;:{&quot;url&quot;:&quot;&quot;,&quot;id&quot;:&quot;&quot;,&quot;size&quot;:&quot;&quot;},&quot;jet_parallax_layout_speed&quot;:{&quot;unit&quot;:&quot;%&quot;,&quot;size&quot;:50,&quot;sizes&quot;:[]},&quot;jet_parallax_layout_type&quot;:&quot;scroll&quot;,&quot;jet_parallax_layout_direction&quot;:&quot;1&quot;,&quot;jet_parallax_layout_fx_direction&quot;:null,&quot;jet_parallax_layout_z_index&quot;:&quot;&quot;,&quot;jet_parallax_layout_bg_x&quot;:50,&quot;jet_parallax_layout_bg_x_tablet&quot;:&quot;&quot;,&quot;jet_parallax_layout_bg_x_mobile&quot;:&quot;&quot;,&quot;jet_parallax_layout_bg_y&quot;:50,&quot;jet_parallax_layout_bg_y_tablet&quot;:&quot;&quot;,&quot;jet_parallax_layout_bg_y_mobile&quot;:&quot;&quot;,&quot;jet_parallax_layout_bg_size&quot;:&quot;auto&quot;,&quot;jet_parallax_layout_bg_size_tablet&quot;:&quot;&quot;,&quot;jet_parallax_layout_bg_size_mobile&quot;:&quot;&quot;,&quot;jet_parallax_layout_animation_prop&quot;:&quot;transform&quot;,&quot;jet_parallax_layout_on&quot;:[&quot;desktop&quot;,&quot;tablet&quot;]}]}\">\n\t\t<div class=\"elementor-element elementor-element-31b86d3 e-flex e-con-boxed e-con e-child\" data-id=\"31b86d3\" data-element_type=\"container\" data-e-type=\"container\" data-settings=\"{&quot;jet_parallax_layout_list&quot;:[]}\">\n\t\t\t\t\t<div class=\"e-con-inner\">\n\t\t\t\t<div class=\"elementor-element elementor-element-c8b908d elementor-widget elementor-widget-jet-button\" data-id=\"c8b908d\" data-element_type=\"widget\" data-e-type=\"widget\" data-widget_type=\"jet-button.default\">\n\t\t\t\t<div class=\"elementor-widget-container\">\n\t\t\t\t\t<div class=\"elementor-jet-button jet-elements\"><div class=\"jet-button__container\">\n\t<a class=\"jet-button__instance jet-button__instance--icon-left hover-effect-1\" href=\"https:\/\/nic-basel.ch\/en\/give\/\">\n\t\t<div class=\"jet-button__plane jet-button__plane-normal\"><\/div>\n\t\t<div class=\"jet-button__plane jet-button__plane-hover\"><\/div>\n\t\t<div class=\"jet-button__state jet-button__state-normal\">\n\t\t\t<span class=\"jet-button__icon jet-elements-icon\"><i aria-hidden=\"true\" class=\"fas fa-arrow-left\"><\/i><\/span><span class=\"jet-button__label\">zur\u00fcck zur Homepage<\/span>\t\t<\/div>\n\t\t<div class=\"jet-button__state jet-button__state-hover\">\n\t\t\t<span class=\"jet-button__icon jet-elements-icon\"><i aria-hidden=\"true\" class=\"far fa-arrow-alt-circle-left\"><\/i><\/span><span class=\"jet-button__label\">zur\u00fcck zur Homepage<\/span>\t\t<\/div>\n\t<\/a>\n<\/div>\n<\/div>\t\t\t\t<\/div>\n\t\t\t\t<\/div>\n\t\t\t\t<div class=\"elementor-element elementor-element-d31967a elementor-widget elementor-widget-image\" data-id=\"d31967a\" data-element_type=\"widget\" data-e-type=\"widget\" data-widget_type=\"image.default\">\n\t\t\t\t\t\t\t\t\t\t\t\t\t\t\t<img fetchpriority=\"high\" decoding=\"async\" width=\"800\" height=\"450\" src=\"https:\/\/nic-basel.ch\/wp-content\/uploads\/2024\/03\/Gebetsdekret_smallrectangle_thankyou-1024x576.jpg\" class=\"attachment-large size-large wp-image-16497\" alt=\"\" srcset=\"https:\/\/nic-basel.ch\/wp-content\/uploads\/2024\/03\/Gebetsdekret_smallrectangle_thankyou-1024x576.jpg 1024w, https:\/\/nic-basel.ch\/wp-content\/uploads\/2024\/03\/Gebetsdekret_smallrectangle_thankyou-300x169.jpg 300w, https:\/\/nic-basel.ch\/wp-content\/uploads\/2024\/03\/Gebetsdekret_smallrectangle_thankyou-768x432.jpg 768w, https:\/\/nic-basel.ch\/wp-content\/uploads\/2024\/03\/Gebetsdekret_smallrectangle_thankyou-1536x864.jpg 1536w, https:\/\/nic-basel.ch\/wp-content\/uploads\/2024\/03\/Gebetsdekret_smallrectangle_thankyou.jpg 1920w\" sizes=\"(max-width: 800px) 100vw, 800px\" \/>\t\t\t\t\t\t\t\t\t\t\t\t\t\t\t<\/div>\n\t\t\t\t\t<\/div>\n\t\t\t\t<\/div>\n\t\t<div class=\"elementor-element elementor-element-5301932 e-con-full e-flex e-con e-child\" data-id=\"5301932\" data-element_type=\"container\" data-e-type=\"container\" data-settings=\"{&quot;jet_parallax_layout_list&quot;:[]}\">\n\t\t\t\t<div class=\"elementor-element elementor-element-2161d3d elementor-widget elementor-widget-icon-box\" data-id=\"2161d3d\" data-element_type=\"widget\" data-e-type=\"widget\" data-widget_type=\"icon-box.default\">\n\t\t\t\t\t\t\t<div class=\"elementor-icon-box-wrapper\">\n\n\t\t\t\n\t\t\t\t\t\t<div class=\"elementor-icon-box-content\">\n\n\t\t\t\t\t\t\t\t\t<h3 class=\"elementor-icon-box-title\">\n\t\t\t\t\t\t<span  >\n\t\t\t\t\t\t\tDanke f\u00fcr Deine Liebe!\t\t\t\t\t\t<\/span>\n\t\t\t\t\t<\/h3>\n\t\t\t\t\n\t\t\t\t\t\t\t\t\t<p class=\"elementor-icon-box-description\">\n\t\t\t\t\t\t<em>Spenden wie Deine machen einen gro\u00dfen Unterschied in dem Werk, das unsere Kirche in den Nationen leistet.<\/em><p><em>Ohne Spendengeber wie Dich kann unsere Kirche keinen Einfluss auf unsere Gesellschaft aus\u00fcben. Mit deiner Unterst\u00fctzung helfen wir Menschen, von allen M\u00f6glichen Situationen wiederhergestellt zu werden, \nauf globale Missionsreisen auszusenden, Menschen wie dich in J\u00fcngerschaft zu trainieren und aufstrebende Leiter zu coachen. <br><br>Gemeinsam k\u00f6nnen wir etwas bewegen.<\/em><\/p>\t\t\t\t\t<\/p>\n\t\t\t\t\n\t\t\t<\/div>\n\t\t\t\n\t\t<\/div>\n\t\t\t\t\t\t<\/div>\n\t\t\t\t<\/div>\n\t\t\t\t<\/div>\n\t\t\t\t<\/div>\n\t\t","protected":false},"excerpt":{"rendered":"<p>Danke f\u00fcr Deine Liebe! Spenden wie Deine machen einen gro\u00dfen Unterschied in dem Werk, das unsere Kirche in den Nationen leistet. Ohne Spendengeber wie Dich kann unsere Kirche keinen Einfluss auf unsere Gesellschaft aus\u00fcben. Mit deiner Unterst\u00fctzung helfen wir Menschen, von allen M\u00f6glichen Situationen wiederhergestellt zu werden, auf globale Missionsreisen auszusenden, Menschen wie dich in [&hellip;]<\/p>\n","protected":false},"author":1,"featured_media":0,"parent":3729,"menu_order":0,"comment_status":"closed","ping_status":"closed","template":"elementor_canvas","meta":{"footnotes":""},"class_list":["post-7361","page","type-page","status-publish","hentry"],"yoast_head":"<!-- This site is optimized with the Yoast SEO plugin v27.5 - https:\/\/yoast.com\/product\/yoast-seo-wordpress\/ -->\n<title>Dankesch\u00f6n - New International Church<\/title>\n<meta name=\"description\" content=\"Willkommen im Zuhause der Wiederherstellung. Wir sind eine prophetisch-apostolische Bewegung auf gegenw\u00e4rtig drei Kontinenten. Jesus ist unser Herr, Gebet ist der Schl\u00fcssel, Gottes Zeit ist die Beste um Unerreichte zu erreichen.\" \/>\n<meta name=\"robots\" content=\"index, follow, max-snippet:-1, max-image-preview:large, max-video-preview:-1\" \/>\n<link rel=\"canonical\" href=\"https:\/\/nic-basel.ch\/de\/spende\/danke\/\" \/>\n<meta property=\"og:locale\" content=\"de_DE\" \/>\n<meta property=\"og:type\" content=\"article\" \/>\n<meta property=\"og:title\" content=\"Dankesch\u00f6n - New International Church\" \/>\n<meta property=\"og:description\" content=\"Willkommen im Zuhause der Wiederherstellung. Wir sind eine prophetisch-apostolische Bewegung auf gegenw\u00e4rtig drei Kontinenten. Jesus ist unser Herr, Gebet ist der Schl\u00fcssel, Gottes Zeit ist die Beste um Unerreichte zu erreichen.\" \/>\n<meta property=\"og:url\" content=\"https:\/\/nic-basel.ch\/de\/spende\/danke\/\" \/>\n<meta property=\"og:site_name\" content=\"New International Church\" \/>\n<meta property=\"article:publisher\" content=\"https:\/\/www.facebook.com\/nicbasel\" \/>\n<meta property=\"article:modified_time\" content=\"2024-03-02T23:10:06+00:00\" \/>\n<meta property=\"og:image\" content=\"https:\/\/nic-basel.ch\/wp-content\/uploads\/2024\/03\/Gebetsdekret_smallrectangle_thankyou-1024x576.jpg\" \/>\n<meta name=\"twitter:card\" content=\"summary_large_image\" \/>\n<meta name=\"twitter:label1\" content=\"Gesch\u00e4tzte Lesezeit\" \/>\n\t<meta name=\"twitter:data1\" content=\"1\u00a0Minute\" \/>\n<script type=\"application\/ld+json\" class=\"yoast-schema-graph\">{\"@context\":\"https:\\\/\\\/schema.org\",\"@graph\":[{\"@type\":\"WebPage\",\"@id\":\"https:\\\/\\\/nic-basel.ch\\\/de\\\/spende\\\/danke\\\/\",\"url\":\"https:\\\/\\\/nic-basel.ch\\\/de\\\/spende\\\/danke\\\/\",\"name\":\"Dankesch\u00f6n - New International Church\",\"isPartOf\":{\"@id\":\"https:\\\/\\\/nic-basel.ch\\\/de\\\/#website\"},\"primaryImageOfPage\":{\"@id\":\"https:\\\/\\\/nic-basel.ch\\\/de\\\/spende\\\/danke\\\/#primaryimage\"},\"image\":{\"@id\":\"https:\\\/\\\/nic-basel.ch\\\/de\\\/spende\\\/danke\\\/#primaryimage\"},\"thumbnailUrl\":\"https:\\\/\\\/nic-basel.ch\\\/wp-content\\\/uploads\\\/2024\\\/03\\\/Gebetsdekret_smallrectangle_thankyou-1024x576.jpg\",\"datePublished\":\"2020-11-05T09:57:52+00:00\",\"dateModified\":\"2024-03-02T23:10:06+00:00\",\"description\":\"Willkommen im Zuhause der Wiederherstellung. Wir sind eine prophetisch-apostolische Bewegung auf gegenw\u00e4rtig drei Kontinenten. Jesus ist unser Herr, Gebet ist der Schl\u00fcssel, Gottes Zeit ist die Beste um Unerreichte zu erreichen.\",\"breadcrumb\":{\"@id\":\"https:\\\/\\\/nic-basel.ch\\\/de\\\/spende\\\/danke\\\/#breadcrumb\"},\"inLanguage\":\"de\",\"potentialAction\":[{\"@type\":\"ReadAction\",\"target\":[\"https:\\\/\\\/nic-basel.ch\\\/de\\\/spende\\\/danke\\\/\"]}]},{\"@type\":\"ImageObject\",\"inLanguage\":\"de\",\"@id\":\"https:\\\/\\\/nic-basel.ch\\\/de\\\/spende\\\/danke\\\/#primaryimage\",\"url\":\"https:\\\/\\\/nic-basel.ch\\\/wp-content\\\/uploads\\\/2024\\\/03\\\/Gebetsdekret_smallrectangle_thankyou-1024x576.jpg\",\"contentUrl\":\"https:\\\/\\\/nic-basel.ch\\\/wp-content\\\/uploads\\\/2024\\\/03\\\/Gebetsdekret_smallrectangle_thankyou-1024x576.jpg\"},{\"@type\":\"BreadcrumbList\",\"@id\":\"https:\\\/\\\/nic-basel.ch\\\/de\\\/spende\\\/danke\\\/#breadcrumb\",\"itemListElement\":[{\"@type\":\"ListItem\",\"position\":1,\"name\":\"Home\",\"item\":\"https:\\\/\\\/nic-basel.ch\\\/de\\\/\"},{\"@type\":\"ListItem\",\"position\":2,\"name\":\"Spende\",\"item\":\"https:\\\/\\\/nic-basel.ch\\\/de\\\/spende\\\/\"},{\"@type\":\"ListItem\",\"position\":3,\"name\":\"Dankesch\u00f6n\"}]},{\"@type\":\"WebSite\",\"@id\":\"https:\\\/\\\/nic-basel.ch\\\/de\\\/#website\",\"url\":\"https:\\\/\\\/nic-basel.ch\\\/de\\\/\",\"name\":\"New International Church Basel\",\"description\":\"Welcome to the Home of Restoration - Willkommen im Zuhause der Wiederherstellung\",\"publisher\":{\"@id\":\"https:\\\/\\\/nic-basel.ch\\\/de\\\/#organization\"},\"potentialAction\":[{\"@type\":\"SearchAction\",\"target\":{\"@type\":\"EntryPoint\",\"urlTemplate\":\"https:\\\/\\\/nic-basel.ch\\\/de\\\/?s={search_term_string}\"},\"query-input\":{\"@type\":\"PropertyValueSpecification\",\"valueRequired\":true,\"valueName\":\"search_term_string\"}}],\"inLanguage\":\"de\"},{\"@type\":\"Organization\",\"@id\":\"https:\\\/\\\/nic-basel.ch\\\/de\\\/#organization\",\"name\":\"New International Church\",\"url\":\"https:\\\/\\\/nic-basel.ch\\\/de\\\/\",\"logo\":{\"@type\":\"ImageObject\",\"inLanguage\":\"de\",\"@id\":\"https:\\\/\\\/nic-basel.ch\\\/de\\\/#\\\/schema\\\/logo\\\/image\\\/\",\"url\":\"https:\\\/\\\/nic-basel.ch\\\/wp-content\\\/uploads\\\/2020\\\/04\\\/secondary_circle_logo.png\",\"contentUrl\":\"https:\\\/\\\/nic-basel.ch\\\/wp-content\\\/uploads\\\/2020\\\/04\\\/secondary_circle_logo.png\",\"width\":690,\"height\":690,\"caption\":\"New International Church\"},\"image\":{\"@id\":\"https:\\\/\\\/nic-basel.ch\\\/de\\\/#\\\/schema\\\/logo\\\/image\\\/\"},\"sameAs\":[\"https:\\\/\\\/www.facebook.com\\\/nicbasel\",\"https:\\\/\\\/www.instagram.com\\\/nicbasel\\\/\",\"https:\\\/\\\/www.youtube.com\\\/@newinternationalchurchbasel\"]}]}<\/script>\n<!-- \/ Yoast SEO plugin. -->","yoast_head_json":{"title":"Dankesch\u00f6n - New International Church","description":"Willkommen im Zuhause der Wiederherstellung. Wir sind eine prophetisch-apostolische Bewegung auf gegenw\u00e4rtig drei Kontinenten. Jesus ist unser Herr, Gebet ist der Schl\u00fcssel, Gottes Zeit ist die Beste um Unerreichte zu erreichen.","robots":{"index":"index","follow":"follow","max-snippet":"max-snippet:-1","max-image-preview":"max-image-preview:large","max-video-preview":"max-video-preview:-1"},"canonical":"https:\/\/nic-basel.ch\/de\/spende\/danke\/","og_locale":"de_DE","og_type":"article","og_title":"Dankesch\u00f6n - New International Church","og_description":"Willkommen im Zuhause der Wiederherstellung. Wir sind eine prophetisch-apostolische Bewegung auf gegenw\u00e4rtig drei Kontinenten. Jesus ist unser Herr, Gebet ist der Schl\u00fcssel, Gottes Zeit ist die Beste um Unerreichte zu erreichen.","og_url":"https:\/\/nic-basel.ch\/de\/spende\/danke\/","og_site_name":"New International Church","article_publisher":"https:\/\/www.facebook.com\/nicbasel","article_modified_time":"2024-03-02T23:10:06+00:00","og_image":[{"url":"https:\/\/nic-basel.ch\/wp-content\/uploads\/2024\/03\/Gebetsdekret_smallrectangle_thankyou-1024x576.jpg","type":"","width":"","height":""}],"twitter_card":"summary_large_image","twitter_misc":{"Gesch\u00e4tzte Lesezeit":"1\u00a0Minute"},"schema":{"@context":"https:\/\/schema.org","@graph":[{"@type":"WebPage","@id":"https:\/\/nic-basel.ch\/de\/spende\/danke\/","url":"https:\/\/nic-basel.ch\/de\/spende\/danke\/","name":"Dankesch\u00f6n - New International Church","isPartOf":{"@id":"https:\/\/nic-basel.ch\/de\/#website"},"primaryImageOfPage":{"@id":"https:\/\/nic-basel.ch\/de\/spende\/danke\/#primaryimage"},"image":{"@id":"https:\/\/nic-basel.ch\/de\/spende\/danke\/#primaryimage"},"thumbnailUrl":"https:\/\/nic-basel.ch\/wp-content\/uploads\/2024\/03\/Gebetsdekret_smallrectangle_thankyou-1024x576.jpg","datePublished":"2020-11-05T09:57:52+00:00","dateModified":"2024-03-02T23:10:06+00:00","description":"Willkommen im Zuhause der Wiederherstellung. Wir sind eine prophetisch-apostolische Bewegung auf gegenw\u00e4rtig drei Kontinenten. Jesus ist unser Herr, Gebet ist der Schl\u00fcssel, Gottes Zeit ist die Beste um Unerreichte zu erreichen.","breadcrumb":{"@id":"https:\/\/nic-basel.ch\/de\/spende\/danke\/#breadcrumb"},"inLanguage":"de","potentialAction":[{"@type":"ReadAction","target":["https:\/\/nic-basel.ch\/de\/spende\/danke\/"]}]},{"@type":"ImageObject","inLanguage":"de","@id":"https:\/\/nic-basel.ch\/de\/spende\/danke\/#primaryimage","url":"https:\/\/nic-basel.ch\/wp-content\/uploads\/2024\/03\/Gebetsdekret_smallrectangle_thankyou-1024x576.jpg","contentUrl":"https:\/\/nic-basel.ch\/wp-content\/uploads\/2024\/03\/Gebetsdekret_smallrectangle_thankyou-1024x576.jpg"},{"@type":"BreadcrumbList","@id":"https:\/\/nic-basel.ch\/de\/spende\/danke\/#breadcrumb","itemListElement":[{"@type":"ListItem","position":1,"name":"Home","item":"https:\/\/nic-basel.ch\/de\/"},{"@type":"ListItem","position":2,"name":"Spende","item":"https:\/\/nic-basel.ch\/de\/spende\/"},{"@type":"ListItem","position":3,"name":"Dankesch\u00f6n"}]},{"@type":"WebSite","@id":"https:\/\/nic-basel.ch\/de\/#website","url":"https:\/\/nic-basel.ch\/de\/","name":"New International Church Basel","description":"Welcome to the Home of Restoration - Willkommen im Zuhause der Wiederherstellung","publisher":{"@id":"https:\/\/nic-basel.ch\/de\/#organization"},"potentialAction":[{"@type":"SearchAction","target":{"@type":"EntryPoint","urlTemplate":"https:\/\/nic-basel.ch\/de\/?s={search_term_string}"},"query-input":{"@type":"PropertyValueSpecification","valueRequired":true,"valueName":"search_term_string"}}],"inLanguage":"de"},{"@type":"Organization","@id":"https:\/\/nic-basel.ch\/de\/#organization","name":"New International Church","url":"https:\/\/nic-basel.ch\/de\/","logo":{"@type":"ImageObject","inLanguage":"de","@id":"https:\/\/nic-basel.ch\/de\/#\/schema\/logo\/image\/","url":"https:\/\/nic-basel.ch\/wp-content\/uploads\/2020\/04\/secondary_circle_logo.png","contentUrl":"https:\/\/nic-basel.ch\/wp-content\/uploads\/2020\/04\/secondary_circle_logo.png","width":690,"height":690,"caption":"New International Church"},"image":{"@id":"https:\/\/nic-basel.ch\/de\/#\/schema\/logo\/image\/"},"sameAs":["https:\/\/www.facebook.com\/nicbasel","https:\/\/www.instagram.com\/nicbasel\/","https:\/\/www.youtube.com\/@newinternationalchurchbasel"]}]}},"_links":{"self":[{"href":"https:\/\/nic-basel.ch\/de\/wp-json\/wp\/v2\/pages\/7361","targetHints":{"allow":["GET"]}}],"collection":[{"href":"https:\/\/nic-basel.ch\/de\/wp-json\/wp\/v2\/pages"}],"about":[{"href":"https:\/\/nic-basel.ch\/de\/wp-json\/wp\/v2\/types\/page"}],"author":[{"embeddable":true,"href":"https:\/\/nic-basel.ch\/de\/wp-json\/wp\/v2\/users\/1"}],"replies":[{"embeddable":true,"href":"https:\/\/nic-basel.ch\/de\/wp-json\/wp\/v2\/comments?post=7361"}],"version-history":[{"count":0,"href":"https:\/\/nic-basel.ch\/de\/wp-json\/wp\/v2\/pages\/7361\/revisions"}],"up":[{"embeddable":true,"href":"https:\/\/nic-basel.ch\/de\/wp-json\/wp\/v2\/pages\/3729"}],"wp:attachment":[{"href":"https:\/\/nic-basel.ch\/de\/wp-json\/wp\/v2\/media?parent=7361"}],"curies":[{"name":"wp","href":"https:\/\/api.w.org\/{rel}","templated":true}]}}