{"id":5018,"date":"2020-05-10T20:21:01","date_gmt":"2020-05-10T20:21:01","guid":{"rendered":"https:\/\/nic-basel.ch\/startseite\/agb\/"},"modified":"2022-02-10T22:08:06","modified_gmt":"2022-02-10T22:08:06","slug":"agb","status":"publish","type":"page","link":"https:\/\/nic-basel.ch\/de\/startseite\/agb\/","title":{"rendered":"AGB"},"content":{"rendered":"\t\t<div data-elementor-type=\"wp-page\" data-elementor-id=\"5018\" class=\"elementor elementor-5018 elementor-1994\" data-elementor-post-type=\"page\">\n\t\t\t\t\t\t<section class=\"elementor-section elementor-top-section elementor-element elementor-element-1764b83 elementor-section-boxed elementor-section-height-default elementor-section-height-default\" data-id=\"1764b83\" data-element_type=\"section\" data-e-type=\"section\" data-settings=\"{&quot;jet_parallax_layout_list&quot;:[{&quot;jet_parallax_layout_image&quot;:{&quot;url&quot;:&quot;&quot;,&quot;id&quot;:&quot;&quot;,&quot;size&quot;:&quot;&quot;},&quot;_id&quot;:&quot;4a02202&quot;,&quot;jet_parallax_layout_image_tablet&quot;:{&quot;url&quot;:&quot;&quot;,&quot;id&quot;:&quot;&quot;,&quot;size&quot;:&quot;&quot;},&quot;jet_parallax_layout_image_mobile&quot;:{&quot;url&quot;:&quot;&quot;,&quot;id&quot;:&quot;&quot;,&quot;size&quot;:&quot;&quot;},&quot;jet_parallax_layout_speed&quot;:{&quot;unit&quot;:&quot;%&quot;,&quot;size&quot;:50,&quot;sizes&quot;:[]},&quot;jet_parallax_layout_type&quot;:&quot;scroll&quot;,&quot;jet_parallax_layout_direction&quot;:&quot;1&quot;,&quot;jet_parallax_layout_fx_direction&quot;:null,&quot;jet_parallax_layout_z_index&quot;:&quot;&quot;,&quot;jet_parallax_layout_bg_x&quot;:50,&quot;jet_parallax_layout_bg_x_tablet&quot;:&quot;&quot;,&quot;jet_parallax_layout_bg_x_mobile&quot;:&quot;&quot;,&quot;jet_parallax_layout_bg_y&quot;:50,&quot;jet_parallax_layout_bg_y_tablet&quot;:&quot;&quot;,&quot;jet_parallax_layout_bg_y_mobile&quot;:&quot;&quot;,&quot;jet_parallax_layout_bg_size&quot;:&quot;auto&quot;,&quot;jet_parallax_layout_bg_size_tablet&quot;:&quot;&quot;,&quot;jet_parallax_layout_bg_size_mobile&quot;:&quot;&quot;,&quot;jet_parallax_layout_animation_prop&quot;:&quot;transform&quot;,&quot;jet_parallax_layout_on&quot;:[&quot;desktop&quot;,&quot;tablet&quot;]}]}\">\n\t\t\t\t\t\t<div class=\"elementor-container elementor-column-gap-default\">\n\t\t\t\t\t<div class=\"elementor-column elementor-col-100 elementor-top-column elementor-element elementor-element-ddf908c\" data-id=\"ddf908c\" data-element_type=\"column\" data-e-type=\"column\">\n\t\t\t<div class=\"elementor-widget-wrap elementor-element-populated\">\n\t\t\t\t\t\t<div class=\"elementor-element elementor-element-bcd585f elementor-widget elementor-widget-heading\" data-id=\"bcd585f\" data-element_type=\"widget\" data-e-type=\"widget\" data-widget_type=\"heading.default\">\n\t\t\t\t\t<h2 class=\"elementor-heading-title elementor-size-default\">Gesch\u00e4ftsbedingungen<\/h2>\t\t\t\t<\/div>\n\t\t\t\t<div class=\"elementor-element elementor-element-3b47bb3 elementor-widget elementor-widget-text-editor\" data-id=\"3b47bb3\" data-element_type=\"widget\" data-e-type=\"widget\" data-widget_type=\"text-editor.default\">\n\t\t\t\t\t\t\t\t\t<div>\n<p><strong><strong><span style=\"text-decoration: underline;\">Allgemeine Gesch\u00e4fts- und Lieferbedingungen (AGB)<\/span><\/strong><\/strong><\/p>\n<p><strong><br>Haftungsbeschr\u00e4nkung<\/strong><\/p>\n<p>Die Inhalte unserer Seiten wurden mit der gr\u00f6sstm\u00f6glichen Sorgfalt erstellt. F\u00fcr die Richtigkeit, Vollst\u00e4ndigkeit und Aktualit\u00e4t der Inhalte auf www.nic-basel.ch \u00fcbernimmt New International Church keine Haftung. Ebenso lehnt New International Church jede Haftung f\u00fcr Sch\u00e4den ab, die sich durch die Benutzung von www.nic-basel.ch ergeben.<\/p>\n<p>F\u00fcr die Inhalte der auf www.nic-basel.ch verlinkten externen Seiten \u00fcbernimmt New International Church keine Verantwortung.<\/p>\n<p><strong><br>Urheberrecht\/Nutzungsrecht<\/strong><\/p>\n<p>Durch diese Website wird die Nutzung geistigen Eigentums der Organisation oder Dritter nicht erteilt. Die Inhalte auf www.nic-basel.ch sind urheberrechtlich gesch\u00fctzt. Die vollst\u00e4ndige oder teilweise Vervielf\u00e4ltigung, die elektronische oder mit anderen Mitteln erfolgte Verbreitung, die Modifikation, die Ben\u00fctzung f\u00fcr kommerzielle oder \u00f6ffentliche Zwecke (insbesondere Einbau in eine Website) bedarf der vorherigen Zustimmung durch New International Church.<\/p>\n<p>Inhaberin: New International Church, Waldeckstrasse 100, 4127 Birsfelden, info(at)nic-basel.ch<\/p>\n<p><strong>Zahlungsbedingungen<\/strong><\/p>\n<p>Bei noch nicht Vollj\u00e4hrigen ist die Einwilligung des gesetzlichen Vertreters erforderlich. Die Spenden k\u00f6nnen in Schweizer Franken \u00fcberwiesen werden. Die H\u00f6he der Spendengelder ist nicht vorgegeben und h\u00e4ngt alleine vom Spender ab! Spenden k\u00f6nnen mit Visa, Twint, Mastercard, Postcard, Postfinance oder Paypal get\u00e4tigt werden. Sie werden auf die sichere Zahlungsumgebung von  Postfinance weitergeleitet.<\/p>\n<p><strong><br>Annulation<\/strong><\/p>\n<p>Eine Annulation der \u00dcberweisung kann w\u00e4hrend dem Zahlungsprozess get\u00e4tigt werden.<\/p>\n<p><strong><br><\/strong><\/p>\n<p><strong>R\u00fcckgabe- und Stornierungsbedingungen<\/strong><\/p>\n<p>Nach dem Ausl\u00f6sen der Zahlung ist es aus organisatorischen Gr\u00fcnden nicht mehr m\u00f6glich das Geld zur\u00fcckzufordern. Wir danken f\u00fcr Ihr Verst\u00e4ndnis und bitten Sie deshalb es sich gut zu \u00fcberlegen bevor Sie eine Zahlung t\u00e4tigen.<\/p>\n<p><\/p>\n<p><strong>Versand<\/strong><\/p>\n<p>F\u00fcr den Kauf eines Eintritts zu einem unserer Seminare oder Events werden keine Tickets per Post versendet Die mit der Email erhaltene Best\u00e4tigung gilt gleichzeitig auch als Eintrittsberechtigung f\u00fcr den jeweiligen Anlass.<\/p>\n<p><\/p>\n<p><strong>Abwicklung<\/strong><\/p>\n<p>Das gesammelte Geld wird auf dem jeweiligen Projektkonto zwischengelagert bis es spezifisch eingesetzt werden kann. Die zweckm\u00e4ssige Einsetzung aller Gelder wird strengstens seitens der New International Church \u00fcberwacht.<\/p>\n<p>Ihre Spende geht vollumf\u00e4nglich in den gew\u00e4hlten zweckgebundenen thematischen Fonds und kommt den entsprechenden Projekten zugute. Verwaltungskosten werden aus nichtzweckgebundenen Mitteln finanziert.<\/p>\n<p><\/p>\n<p><b>Andwendbares Recht und Gerichtsstand<\/b><\/p>\n<p>Liestal ist ausschliesslich Gerichtsstand f\u00fcr alle sich aus dem Vertragsverh\u00e4ltnis unmittelbar oder mittelbar ergebenden Streitigkeiten. Das Rechtsverh\u00e4ltnis untersteht dem schweizerischen Recht.<\/p>\n<p><\/p>\n<\/div>\n<div>\n<p><strong>Verwendungszweck der Spenden<\/strong><\/p>\n<p>Ihr Geld wird je nach Anmerkung einem von verschiedenen Kontos mit fest definiertem Verwendungszweck zugeteilt. Dieses System erm\u00f6glicht es uns, schnell dort zu helfen, wo gerade am meisten Handlungsbedarf besteht. Wenn Sie also beispielsweise f\u00fcr das Kinderheim Safe Haven spenden, so kommt Ihr Geld auf das Missionskonto und wird in Ghana dem Kinderheim zugute kommen. Ihre Spende erreicht Safe Haven Ghana um Not zu lindern wo es gerade am n\u00f6tigsten ist. Spenden Sie f\u00fcr das Haus der Begegnung oder f\u00fcr ein anderes Projekt, so wird es in das jeweilige Konto fliessen.<\/p>\n<p>New International Church ist als gemeinn\u00fctzig anerkannt und hat in den letzten Jahren zunehmends durch zuverl\u00e4ssiges Management an Vertrauen gewonnen. New International Church informiert offen \u00fcber ihre T\u00e4tigkeiten, setzt Spendengelder wirksam und zweckbestimmt ein und verf\u00fcgt \u00fcber wirksame interne und externe Kontrollstrukturen.<\/p>\n<\/div>\t\t\t\t\t\t\t\t<\/div>\n\t\t\t\t\t<\/div>\n\t\t<\/div>\n\t\t\t\t\t<\/div>\n\t\t<\/section>\n\t\t\t\t<\/div>\n\t\t","protected":false},"excerpt":{"rendered":"<p>Gesch\u00e4ftsbedingungen Allgemeine Gesch\u00e4fts- und Lieferbedingungen (AGB) Haftungsbeschr\u00e4nkung Die Inhalte unserer Seiten wurden mit der gr\u00f6sstm\u00f6glichen Sorgfalt erstellt. F\u00fcr die Richtigkeit, Vollst\u00e4ndigkeit und Aktualit\u00e4t der Inhalte auf www.nic-basel.ch \u00fcbernimmt New International Church keine Haftung. Ebenso lehnt New International Church jede Haftung f\u00fcr Sch\u00e4den ab, die sich durch die Benutzung von www.nic-basel.ch ergeben. F\u00fcr die Inhalte der [&hellip;]<\/p>\n","protected":false},"author":1,"featured_media":0,"parent":4088,"menu_order":0,"comment_status":"closed","ping_status":"closed","template":"elementor_header_footer","meta":{"footnotes":""},"class_list":["post-5018","page","type-page","status-publish","hentry"],"yoast_head":"<!-- This site is optimized with the Yoast SEO plugin v27.4 - https:\/\/yoast.com\/product\/yoast-seo-wordpress\/ -->\n<title>AGB - New International Church<\/title>\n<meta name=\"description\" content=\"Willkommen im Zuhause der Wiederherstellung. Wir sind eine prophetisch-apostolische Bewegung auf gegenw\u00e4rtig drei Kontinenten. Jesus ist unser Herr, Gebet ist der Schl\u00fcssel, Gottes Zeit ist die Beste um Unerreichte zu erreichen.\" \/>\n<meta name=\"robots\" content=\"index, follow, max-snippet:-1, max-image-preview:large, max-video-preview:-1\" \/>\n<link rel=\"canonical\" href=\"https:\/\/nic-basel.ch\/de\/startseite\/agb\/\" \/>\n<meta property=\"og:locale\" content=\"de_DE\" \/>\n<meta property=\"og:type\" content=\"article\" \/>\n<meta property=\"og:title\" content=\"AGB - New International Church\" \/>\n<meta property=\"og:description\" content=\"Willkommen im Zuhause der Wiederherstellung. Wir sind eine prophetisch-apostolische Bewegung auf gegenw\u00e4rtig drei Kontinenten. Jesus ist unser Herr, Gebet ist der Schl\u00fcssel, Gottes Zeit ist die Beste um Unerreichte zu erreichen.\" \/>\n<meta property=\"og:url\" content=\"https:\/\/nic-basel.ch\/de\/startseite\/agb\/\" \/>\n<meta property=\"og:site_name\" content=\"New International Church\" \/>\n<meta property=\"article:publisher\" content=\"https:\/\/www.facebook.com\/nicbasel\" \/>\n<meta property=\"article:modified_time\" content=\"2022-02-10T22:08:06+00:00\" \/>\n<meta property=\"og:image\" content=\"https:\/\/nic-basel.ch\/wp-content\/uploads\/2024\/02\/web_header.jpg\" \/>\n\t<meta property=\"og:image:width\" content=\"2055\" \/>\n\t<meta property=\"og:image:height\" content=\"1265\" \/>\n\t<meta property=\"og:image:type\" content=\"image\/jpeg\" \/>\n<meta name=\"twitter:card\" content=\"summary_large_image\" \/>\n<meta name=\"twitter:label1\" content=\"Gesch\u00e4tzte Lesezeit\" \/>\n\t<meta name=\"twitter:data1\" content=\"3\u00a0Minuten\" \/>\n<script type=\"application\/ld+json\" class=\"yoast-schema-graph\">{\"@context\":\"https:\\\/\\\/schema.org\",\"@graph\":[{\"@type\":\"WebPage\",\"@id\":\"https:\\\/\\\/nic-basel.ch\\\/de\\\/startseite\\\/agb\\\/\",\"url\":\"https:\\\/\\\/nic-basel.ch\\\/de\\\/startseite\\\/agb\\\/\",\"name\":\"AGB - New International Church\",\"isPartOf\":{\"@id\":\"https:\\\/\\\/nic-basel.ch\\\/de\\\/#website\"},\"datePublished\":\"2020-05-10T20:21:01+00:00\",\"dateModified\":\"2022-02-10T22:08:06+00:00\",\"description\":\"Willkommen im Zuhause der Wiederherstellung. Wir sind eine prophetisch-apostolische Bewegung auf gegenw\u00e4rtig drei Kontinenten. Jesus ist unser Herr, Gebet ist der Schl\u00fcssel, Gottes Zeit ist die Beste um Unerreichte zu erreichen.\",\"breadcrumb\":{\"@id\":\"https:\\\/\\\/nic-basel.ch\\\/de\\\/startseite\\\/agb\\\/#breadcrumb\"},\"inLanguage\":\"de\",\"potentialAction\":[{\"@type\":\"ReadAction\",\"target\":[\"https:\\\/\\\/nic-basel.ch\\\/de\\\/startseite\\\/agb\\\/\"]}]},{\"@type\":\"BreadcrumbList\",\"@id\":\"https:\\\/\\\/nic-basel.ch\\\/de\\\/startseite\\\/agb\\\/#breadcrumb\",\"itemListElement\":[{\"@type\":\"ListItem\",\"position\":1,\"name\":\"Home\",\"item\":\"https:\\\/\\\/nic-basel.ch\\\/de\\\/\"},{\"@type\":\"ListItem\",\"position\":2,\"name\":\"Startseite\",\"item\":\"https:\\\/\\\/nic-basel.ch\\\/de\\\/\"},{\"@type\":\"ListItem\",\"position\":3,\"name\":\"AGB\"}]},{\"@type\":\"WebSite\",\"@id\":\"https:\\\/\\\/nic-basel.ch\\\/de\\\/#website\",\"url\":\"https:\\\/\\\/nic-basel.ch\\\/de\\\/\",\"name\":\"New International Church Basel\",\"description\":\"Welcome to the Home of Restoration - Willkommen im Zuhause der Wiederherstellung\",\"publisher\":{\"@id\":\"https:\\\/\\\/nic-basel.ch\\\/de\\\/#organization\"},\"potentialAction\":[{\"@type\":\"SearchAction\",\"target\":{\"@type\":\"EntryPoint\",\"urlTemplate\":\"https:\\\/\\\/nic-basel.ch\\\/de\\\/?s={search_term_string}\"},\"query-input\":{\"@type\":\"PropertyValueSpecification\",\"valueRequired\":true,\"valueName\":\"search_term_string\"}}],\"inLanguage\":\"de\"},{\"@type\":\"Organization\",\"@id\":\"https:\\\/\\\/nic-basel.ch\\\/de\\\/#organization\",\"name\":\"New International Church\",\"url\":\"https:\\\/\\\/nic-basel.ch\\\/de\\\/\",\"logo\":{\"@type\":\"ImageObject\",\"inLanguage\":\"de\",\"@id\":\"https:\\\/\\\/nic-basel.ch\\\/de\\\/#\\\/schema\\\/logo\\\/image\\\/\",\"url\":\"https:\\\/\\\/nic-basel.ch\\\/wp-content\\\/uploads\\\/2020\\\/04\\\/secondary_circle_logo.png\",\"contentUrl\":\"https:\\\/\\\/nic-basel.ch\\\/wp-content\\\/uploads\\\/2020\\\/04\\\/secondary_circle_logo.png\",\"width\":690,\"height\":690,\"caption\":\"New International Church\"},\"image\":{\"@id\":\"https:\\\/\\\/nic-basel.ch\\\/de\\\/#\\\/schema\\\/logo\\\/image\\\/\"},\"sameAs\":[\"https:\\\/\\\/www.facebook.com\\\/nicbasel\",\"https:\\\/\\\/www.instagram.com\\\/nicbasel\\\/\",\"https:\\\/\\\/www.youtube.com\\\/@newinternationalchurchbasel\"]}]}<\/script>\n<!-- \/ Yoast SEO plugin. -->","yoast_head_json":{"title":"AGB - New International Church","description":"Willkommen im Zuhause der Wiederherstellung. Wir sind eine prophetisch-apostolische Bewegung auf gegenw\u00e4rtig drei Kontinenten. Jesus ist unser Herr, Gebet ist der Schl\u00fcssel, Gottes Zeit ist die Beste um Unerreichte zu erreichen.","robots":{"index":"index","follow":"follow","max-snippet":"max-snippet:-1","max-image-preview":"max-image-preview:large","max-video-preview":"max-video-preview:-1"},"canonical":"https:\/\/nic-basel.ch\/de\/startseite\/agb\/","og_locale":"de_DE","og_type":"article","og_title":"AGB - New International Church","og_description":"Willkommen im Zuhause der Wiederherstellung. Wir sind eine prophetisch-apostolische Bewegung auf gegenw\u00e4rtig drei Kontinenten. Jesus ist unser Herr, Gebet ist der Schl\u00fcssel, Gottes Zeit ist die Beste um Unerreichte zu erreichen.","og_url":"https:\/\/nic-basel.ch\/de\/startseite\/agb\/","og_site_name":"New International Church","article_publisher":"https:\/\/www.facebook.com\/nicbasel","article_modified_time":"2022-02-10T22:08:06+00:00","og_image":[{"width":2055,"height":1265,"url":"https:\/\/nic-basel.ch\/wp-content\/uploads\/2024\/02\/web_header.jpg","type":"image\/jpeg"}],"twitter_card":"summary_large_image","twitter_misc":{"Gesch\u00e4tzte Lesezeit":"3\u00a0Minuten"},"schema":{"@context":"https:\/\/schema.org","@graph":[{"@type":"WebPage","@id":"https:\/\/nic-basel.ch\/de\/startseite\/agb\/","url":"https:\/\/nic-basel.ch\/de\/startseite\/agb\/","name":"AGB - New International Church","isPartOf":{"@id":"https:\/\/nic-basel.ch\/de\/#website"},"datePublished":"2020-05-10T20:21:01+00:00","dateModified":"2022-02-10T22:08:06+00:00","description":"Willkommen im Zuhause der Wiederherstellung. Wir sind eine prophetisch-apostolische Bewegung auf gegenw\u00e4rtig drei Kontinenten. Jesus ist unser Herr, Gebet ist der Schl\u00fcssel, Gottes Zeit ist die Beste um Unerreichte zu erreichen.","breadcrumb":{"@id":"https:\/\/nic-basel.ch\/de\/startseite\/agb\/#breadcrumb"},"inLanguage":"de","potentialAction":[{"@type":"ReadAction","target":["https:\/\/nic-basel.ch\/de\/startseite\/agb\/"]}]},{"@type":"BreadcrumbList","@id":"https:\/\/nic-basel.ch\/de\/startseite\/agb\/#breadcrumb","itemListElement":[{"@type":"ListItem","position":1,"name":"Home","item":"https:\/\/nic-basel.ch\/de\/"},{"@type":"ListItem","position":2,"name":"Startseite","item":"https:\/\/nic-basel.ch\/de\/"},{"@type":"ListItem","position":3,"name":"AGB"}]},{"@type":"WebSite","@id":"https:\/\/nic-basel.ch\/de\/#website","url":"https:\/\/nic-basel.ch\/de\/","name":"New International Church Basel","description":"Welcome to the Home of Restoration - Willkommen im Zuhause der Wiederherstellung","publisher":{"@id":"https:\/\/nic-basel.ch\/de\/#organization"},"potentialAction":[{"@type":"SearchAction","target":{"@type":"EntryPoint","urlTemplate":"https:\/\/nic-basel.ch\/de\/?s={search_term_string}"},"query-input":{"@type":"PropertyValueSpecification","valueRequired":true,"valueName":"search_term_string"}}],"inLanguage":"de"},{"@type":"Organization","@id":"https:\/\/nic-basel.ch\/de\/#organization","name":"New International Church","url":"https:\/\/nic-basel.ch\/de\/","logo":{"@type":"ImageObject","inLanguage":"de","@id":"https:\/\/nic-basel.ch\/de\/#\/schema\/logo\/image\/","url":"https:\/\/nic-basel.ch\/wp-content\/uploads\/2020\/04\/secondary_circle_logo.png","contentUrl":"https:\/\/nic-basel.ch\/wp-content\/uploads\/2020\/04\/secondary_circle_logo.png","width":690,"height":690,"caption":"New International Church"},"image":{"@id":"https:\/\/nic-basel.ch\/de\/#\/schema\/logo\/image\/"},"sameAs":["https:\/\/www.facebook.com\/nicbasel","https:\/\/www.instagram.com\/nicbasel\/","https:\/\/www.youtube.com\/@newinternationalchurchbasel"]}]}},"_links":{"self":[{"href":"https:\/\/nic-basel.ch\/de\/wp-json\/wp\/v2\/pages\/5018","targetHints":{"allow":["GET"]}}],"collection":[{"href":"https:\/\/nic-basel.ch\/de\/wp-json\/wp\/v2\/pages"}],"about":[{"href":"https:\/\/nic-basel.ch\/de\/wp-json\/wp\/v2\/types\/page"}],"author":[{"embeddable":true,"href":"https:\/\/nic-basel.ch\/de\/wp-json\/wp\/v2\/users\/1"}],"replies":[{"embeddable":true,"href":"https:\/\/nic-basel.ch\/de\/wp-json\/wp\/v2\/comments?post=5018"}],"version-history":[{"count":0,"href":"https:\/\/nic-basel.ch\/de\/wp-json\/wp\/v2\/pages\/5018\/revisions"}],"up":[{"embeddable":true,"href":"https:\/\/nic-basel.ch\/de\/wp-json\/wp\/v2\/pages\/4088"}],"wp:attachment":[{"href":"https:\/\/nic-basel.ch\/de\/wp-json\/wp\/v2\/media?parent=5018"}],"curies":[{"name":"wp","href":"https:\/\/api.w.org\/{rel}","templated":true}]}}