{"id":4093,"date":"2020-04-23T19:32:44","date_gmt":"2020-04-23T19:32:44","guid":{"rendered":"https:\/\/nic-basel.ch\/verbinden\/schalt-ein\/"},"modified":"2024-03-06T13:08:22","modified_gmt":"2024-03-06T13:08:22","slug":"schalt-ein","status":"publish","type":"page","link":"https:\/\/nic-basel.ch\/de\/verbinden\/schalt-ein\/","title":{"rendered":"NIC-TV"},"content":{"rendered":"\t\t<div data-elementor-type=\"wp-page\" data-elementor-id=\"4093\" class=\"elementor elementor-4093 elementor-1136\" data-elementor-post-type=\"page\">\n\t\t\t\t<div class=\"elementor-element elementor-element-86a63ad elementor-hidden-tablet elementor-hidden-phone e-flex e-con-boxed e-con e-parent\" data-id=\"86a63ad\" data-element_type=\"container\" data-e-type=\"container\" data-settings=\"{&quot;jet_parallax_layout_list&quot;:[{&quot;jet_parallax_layout_image&quot;:{&quot;url&quot;:&quot;https:\\\/\\\/nic-basel.ch\\\/wp-content\\\/uploads\\\/2020\\\/05\\\/laptop-scaled.jpg&quot;,&quot;id&quot;:1745,&quot;size&quot;:&quot;&quot;},&quot;_id&quot;:&quot;b15b348&quot;,&quot;jet_parallax_layout_bg_y&quot;:70,&quot;jet_parallax_layout_bg_size&quot;:&quot;cover&quot;,&quot;jet_parallax_layout_animation_prop&quot;:&quot;bgposition&quot;,&quot;jet_parallax_layout_image_tablet&quot;:{&quot;url&quot;:&quot;&quot;,&quot;id&quot;:&quot;&quot;,&quot;size&quot;:&quot;&quot;},&quot;jet_parallax_layout_image_mobile&quot;:{&quot;url&quot;:&quot;&quot;,&quot;id&quot;:&quot;&quot;,&quot;size&quot;:&quot;&quot;},&quot;jet_parallax_layout_speed&quot;:{&quot;unit&quot;:&quot;%&quot;,&quot;size&quot;:50,&quot;sizes&quot;:[]},&quot;jet_parallax_layout_type&quot;:&quot;scroll&quot;,&quot;jet_parallax_layout_direction&quot;:&quot;1&quot;,&quot;jet_parallax_layout_fx_direction&quot;:null,&quot;jet_parallax_layout_z_index&quot;:&quot;&quot;,&quot;jet_parallax_layout_bg_x&quot;:50,&quot;jet_parallax_layout_bg_x_tablet&quot;:&quot;&quot;,&quot;jet_parallax_layout_bg_x_mobile&quot;:&quot;&quot;,&quot;jet_parallax_layout_bg_y_tablet&quot;:&quot;&quot;,&quot;jet_parallax_layout_bg_y_mobile&quot;:&quot;&quot;,&quot;jet_parallax_layout_bg_size_tablet&quot;:&quot;&quot;,&quot;jet_parallax_layout_bg_size_mobile&quot;:&quot;&quot;,&quot;jet_parallax_layout_on&quot;:[&quot;desktop&quot;,&quot;tablet&quot;]}]}\">\n\t\t\t\t\t<div class=\"e-con-inner\">\n\t\t<div class=\"elementor-element elementor-element-2b85a7b e-con-full e-flex e-con e-child\" data-id=\"2b85a7b\" data-element_type=\"container\" data-e-type=\"container\" data-settings=\"{&quot;jet_parallax_layout_list&quot;:[]}\">\n\t\t\t\t<div class=\"elementor-element elementor-element-33dd07e elementor-widget elementor-widget-text-editor\" data-id=\"33dd07e\" data-element_type=\"widget\" data-e-type=\"widget\" data-widget_type=\"text-editor.default\">\n\t\t\t\t\t\t\t\t\t<p style=\"text-align: center;\">NIC TV<\/p>\n\t\t\t\t\t\t\t\t<\/div>\n\t\t\t\t<\/div>\n\t\t\t\t\t<\/div>\n\t\t\t\t<\/div>\n\t\t<div class=\"elementor-element elementor-element-e75c80d elementor-hidden-desktop e-flex e-con-boxed e-con e-parent\" data-id=\"e75c80d\" data-element_type=\"container\" data-e-type=\"container\" data-settings=\"{&quot;jet_parallax_layout_list&quot;:[{&quot;jet_parallax_layout_image&quot;:{&quot;url&quot;:&quot;https:\\\/\\\/nic-basel.ch\\\/wp-content\\\/uploads\\\/2020\\\/05\\\/laptop-scaled.jpg&quot;,&quot;id&quot;:1745,&quot;size&quot;:&quot;&quot;},&quot;_id&quot;:&quot;b15b348&quot;,&quot;jet_parallax_layout_type&quot;:&quot;none&quot;,&quot;jet_parallax_layout_bg_size&quot;:&quot;cover&quot;,&quot;jet_parallax_layout_animation_prop&quot;:null,&quot;jet_parallax_layout_on&quot;:[],&quot;jet_parallax_layout_image_tablet&quot;:{&quot;url&quot;:&quot;&quot;,&quot;id&quot;:&quot;&quot;,&quot;size&quot;:&quot;&quot;},&quot;jet_parallax_layout_image_mobile&quot;:{&quot;url&quot;:&quot;&quot;,&quot;id&quot;:&quot;&quot;,&quot;size&quot;:&quot;&quot;},&quot;jet_parallax_layout_speed&quot;:{&quot;unit&quot;:&quot;%&quot;,&quot;size&quot;:50,&quot;sizes&quot;:[]},&quot;jet_parallax_layout_direction&quot;:null,&quot;jet_parallax_layout_fx_direction&quot;:null,&quot;jet_parallax_layout_z_index&quot;:&quot;&quot;,&quot;jet_parallax_layout_bg_x&quot;:50,&quot;jet_parallax_layout_bg_x_tablet&quot;:&quot;&quot;,&quot;jet_parallax_layout_bg_x_mobile&quot;:&quot;&quot;,&quot;jet_parallax_layout_bg_y&quot;:50,&quot;jet_parallax_layout_bg_y_tablet&quot;:&quot;&quot;,&quot;jet_parallax_layout_bg_y_mobile&quot;:&quot;&quot;,&quot;jet_parallax_layout_bg_size_tablet&quot;:&quot;&quot;,&quot;jet_parallax_layout_bg_size_mobile&quot;:&quot;&quot;}],&quot;background_background&quot;:&quot;classic&quot;}\">\n\t\t\t\t\t<div class=\"e-con-inner\">\n\t\t<div class=\"elementor-element elementor-element-13b50a3 e-con-full e-flex e-con e-child\" data-id=\"13b50a3\" data-element_type=\"container\" data-e-type=\"container\" data-settings=\"{&quot;jet_parallax_layout_list&quot;:[]}\">\n\t\t\t\t<div class=\"elementor-element elementor-element-b2e67d1 elementor-widget elementor-widget-text-editor\" data-id=\"b2e67d1\" data-element_type=\"widget\" data-e-type=\"widget\" data-widget_type=\"text-editor.default\">\n\t\t\t\t\t\t\t\t\t<p style=\"text-align: center;\">NIC TV<\/p>\n\t\t\t\t\t\t\t\t<\/div>\n\t\t\t\t<\/div>\n\t\t\t\t\t<\/div>\n\t\t\t\t<\/div>\n\t\t\t\t<section class=\"elementor-section elementor-top-section elementor-element elementor-element-5fc3e97 elementor-section-boxed elementor-section-height-default elementor-section-height-default\" data-id=\"5fc3e97\" data-element_type=\"section\" data-e-type=\"section\" data-settings=\"{&quot;jet_parallax_layout_list&quot;:[{&quot;jet_parallax_layout_image&quot;:{&quot;url&quot;:&quot;&quot;,&quot;id&quot;:&quot;&quot;,&quot;size&quot;:&quot;&quot;},&quot;_id&quot;:&quot;db84bd9&quot;,&quot;jet_parallax_layout_image_tablet&quot;:{&quot;url&quot;:&quot;&quot;,&quot;id&quot;:&quot;&quot;,&quot;size&quot;:&quot;&quot;},&quot;jet_parallax_layout_image_mobile&quot;:{&quot;url&quot;:&quot;&quot;,&quot;id&quot;:&quot;&quot;,&quot;size&quot;:&quot;&quot;},&quot;jet_parallax_layout_speed&quot;:{&quot;unit&quot;:&quot;%&quot;,&quot;size&quot;:50,&quot;sizes&quot;:[]},&quot;jet_parallax_layout_type&quot;:&quot;scroll&quot;,&quot;jet_parallax_layout_direction&quot;:&quot;1&quot;,&quot;jet_parallax_layout_fx_direction&quot;:null,&quot;jet_parallax_layout_z_index&quot;:&quot;&quot;,&quot;jet_parallax_layout_bg_x&quot;:50,&quot;jet_parallax_layout_bg_x_tablet&quot;:&quot;&quot;,&quot;jet_parallax_layout_bg_x_mobile&quot;:&quot;&quot;,&quot;jet_parallax_layout_bg_y&quot;:50,&quot;jet_parallax_layout_bg_y_tablet&quot;:&quot;&quot;,&quot;jet_parallax_layout_bg_y_mobile&quot;:&quot;&quot;,&quot;jet_parallax_layout_bg_size&quot;:&quot;auto&quot;,&quot;jet_parallax_layout_bg_size_tablet&quot;:&quot;&quot;,&quot;jet_parallax_layout_bg_size_mobile&quot;:&quot;&quot;,&quot;jet_parallax_layout_animation_prop&quot;:&quot;transform&quot;,&quot;jet_parallax_layout_on&quot;:[&quot;desktop&quot;,&quot;tablet&quot;]}]}\">\n\t\t\t\t\t\t<div class=\"elementor-container elementor-column-gap-default\">\n\t\t\t\t\t<div class=\"elementor-column elementor-col-100 elementor-top-column elementor-element elementor-element-4938041\" data-id=\"4938041\" data-element_type=\"column\" data-e-type=\"column\">\n\t\t\t<div class=\"elementor-widget-wrap elementor-element-populated\">\n\t\t\t\t\t\t<div class=\"elementor-element elementor-element-1e1df8e jet-breadcrumbs-align-right elementor-widget elementor-widget-jet-breadcrumbs\" data-id=\"1e1df8e\" data-element_type=\"widget\" data-e-type=\"widget\" data-widget_type=\"jet-breadcrumbs.default\">\n\t\t\t\t<div class=\"elementor-widget-container\">\n\t\t\t\t\t<div class=\"elementor-jet-breadcrumbs jet-blocks\">\n\t\t<div class=\"jet-breadcrumbs\">\n\t\t<div class=\"jet-breadcrumbs__content\">\n\t\t<div class=\"jet-breadcrumbs__wrap\"><div class=\"jet-breadcrumbs__item\"><a href=\"https:\/\/nic-basel.ch\/de\/\" class=\"jet-breadcrumbs__item-link is-home\" rel=\"home\" title=\"Startseite\">Startseite<\/a><\/div>\n\t\t<\/div>\n\t\t<\/div>\n\t\t<\/div><\/div>\t\t\t\t<\/div>\n\t\t\t\t<\/div>\n\t\t\t\t\t<\/div>\n\t\t<\/div>\n\t\t\t\t\t<\/div>\n\t\t<\/section>\n\t\t\t\t<section class=\"elementor-section elementor-top-section elementor-element elementor-element-e0ae5b8 elementor-section-content-middle elementor-section-boxed elementor-section-height-default elementor-section-height-default\" data-id=\"e0ae5b8\" data-element_type=\"section\" data-e-type=\"section\" data-settings=\"{&quot;jet_parallax_layout_list&quot;:[{&quot;jet_parallax_layout_speed&quot;:{&quot;unit&quot;:&quot;%&quot;,&quot;size&quot;:51,&quot;sizes&quot;:[]},&quot;jet_parallax_layout_z_index&quot;:1,&quot;jet_parallax_layout_bg_x&quot;:44,&quot;_id&quot;:&quot;0663af8&quot;,&quot;jet_parallax_layout_image&quot;:{&quot;url&quot;:&quot;&quot;,&quot;id&quot;:&quot;&quot;,&quot;size&quot;:&quot;&quot;},&quot;jet_parallax_layout_image_tablet&quot;:{&quot;url&quot;:&quot;&quot;,&quot;id&quot;:&quot;&quot;,&quot;size&quot;:&quot;&quot;},&quot;jet_parallax_layout_image_mobile&quot;:{&quot;url&quot;:&quot;&quot;,&quot;id&quot;:&quot;&quot;,&quot;size&quot;:&quot;&quot;},&quot;jet_parallax_layout_type&quot;:&quot;scroll&quot;,&quot;jet_parallax_layout_direction&quot;:&quot;1&quot;,&quot;jet_parallax_layout_fx_direction&quot;:null,&quot;jet_parallax_layout_bg_x_tablet&quot;:&quot;&quot;,&quot;jet_parallax_layout_bg_x_mobile&quot;:&quot;&quot;,&quot;jet_parallax_layout_bg_y&quot;:50,&quot;jet_parallax_layout_bg_y_tablet&quot;:&quot;&quot;,&quot;jet_parallax_layout_bg_y_mobile&quot;:&quot;&quot;,&quot;jet_parallax_layout_bg_size&quot;:&quot;auto&quot;,&quot;jet_parallax_layout_bg_size_tablet&quot;:&quot;&quot;,&quot;jet_parallax_layout_bg_size_mobile&quot;:&quot;&quot;,&quot;jet_parallax_layout_animation_prop&quot;:&quot;transform&quot;,&quot;jet_parallax_layout_on&quot;:[&quot;desktop&quot;,&quot;tablet&quot;]},{&quot;_id&quot;:&quot;0f4f5c1&quot;,&quot;jet_parallax_layout_image&quot;:{&quot;url&quot;:&quot;&quot;,&quot;id&quot;:&quot;&quot;,&quot;size&quot;:&quot;&quot;},&quot;jet_parallax_layout_image_tablet&quot;:{&quot;url&quot;:&quot;&quot;,&quot;id&quot;:&quot;&quot;,&quot;size&quot;:&quot;&quot;},&quot;jet_parallax_layout_image_mobile&quot;:{&quot;url&quot;:&quot;&quot;,&quot;id&quot;:&quot;&quot;,&quot;size&quot;:&quot;&quot;},&quot;jet_parallax_layout_speed&quot;:{&quot;unit&quot;:&quot;%&quot;,&quot;size&quot;:50,&quot;sizes&quot;:[]},&quot;jet_parallax_layout_type&quot;:&quot;scroll&quot;,&quot;jet_parallax_layout_direction&quot;:&quot;1&quot;,&quot;jet_parallax_layout_fx_direction&quot;:null,&quot;jet_parallax_layout_z_index&quot;:&quot;&quot;,&quot;jet_parallax_layout_bg_x&quot;:50,&quot;jet_parallax_layout_bg_x_tablet&quot;:&quot;&quot;,&quot;jet_parallax_layout_bg_x_mobile&quot;:&quot;&quot;,&quot;jet_parallax_layout_bg_y&quot;:50,&quot;jet_parallax_layout_bg_y_tablet&quot;:&quot;&quot;,&quot;jet_parallax_layout_bg_y_mobile&quot;:&quot;&quot;,&quot;jet_parallax_layout_bg_size&quot;:&quot;auto&quot;,&quot;jet_parallax_layout_bg_size_tablet&quot;:&quot;&quot;,&quot;jet_parallax_layout_bg_size_mobile&quot;:&quot;&quot;,&quot;jet_parallax_layout_animation_prop&quot;:&quot;transform&quot;,&quot;jet_parallax_layout_on&quot;:[&quot;desktop&quot;,&quot;tablet&quot;]}]}\">\n\t\t\t\t\t\t<div class=\"elementor-container elementor-column-gap-no\">\n\t\t\t\t\t<div class=\"elementor-column elementor-col-100 elementor-top-column elementor-element elementor-element-fb78856\" data-id=\"fb78856\" data-element_type=\"column\" data-e-type=\"column\">\n\t\t\t<div class=\"elementor-widget-wrap elementor-element-populated\">\n\t\t\t\t\t\t<div class=\"elementor-element elementor-element-4dc32af elementor-widget elementor-widget-heading\" data-id=\"4dc32af\" data-element_type=\"widget\" data-e-type=\"widget\" data-widget_type=\"heading.default\">\n\t\t\t\t\t<h5 class=\"elementor-heading-title elementor-size-default\">Sieh dir unseren Live-Stream an, jeweils ...<\/h5>\t\t\t\t<\/div>\n\t\t\t\t<div class=\"elementor-element elementor-element-19bd084 elementor-widget__width-initial elementor-widget elementor-widget-text-editor\" data-id=\"19bd084\" data-element_type=\"widget\" data-e-type=\"widget\" data-widget_type=\"text-editor.default\">\n\t\t\t\t\t\t\t\t\t<p><span style=\"color: #00ccff;\"><strong>Sonntags: 9.30 Uhr <\/strong><\/span> | Gottesdienst: <a href=\"https:\/\/www.youtube.com\/@newinternationalchurchbasel\/streams\"> Youtube LIVE<\/a><br \/><span style=\"color: #00ccff;\"><strong>Mittwochs: 19 Uhr <\/strong><\/span> | Prophetische Gebetsbegegnung: <a href=\"https:\/\/www.youtube.com\/@newinternationalchurch\/streams\">mit Apostle John Sagoe<\/a><br \/><span style=\"color: #00ccff;\"><strong>Freitags: 19 Uhr<\/strong><\/span> | Gebet bringt Ver\u00e4nderung &#8211; Prophetisch Gebet &amp; F\u00fcrbitte: <a href=\"https:\/\/www.youtube.com\/@newinternationalchurchbasel\/streams\">Youtube LIVE<\/a><\/p><h5 class=\"elementor-heading-title elementor-size-default elementor-inline-editing pen\" contenteditable=\"true\" data-elementor-setting-key=\"title\" data-pen-placeholder=\"Type Here...\"><a href=\"https:\/\/www.timeanddate.de\/stadt\/zeitzone\/schweiz\/bern\">(Pr\u00fcfe die Zeitzone hier)<\/a><\/h5>\t\t\t\t\t\t\t\t<\/div>\n\t\t\t\t\t<\/div>\n\t\t<\/div>\n\t\t\t\t\t<\/div>\n\t\t<\/section>\n\t\t<!-- dce invisible element b24b63f -->\t\t<section class=\"elementor-section elementor-top-section elementor-element elementor-element-5b3b458 elementor-section-boxed elementor-section-height-default elementor-section-height-default\" data-id=\"5b3b458\" data-element_type=\"section\" data-e-type=\"section\" data-settings=\"{&quot;jet_parallax_layout_list&quot;:[{&quot;jet_parallax_layout_image&quot;:{&quot;url&quot;:&quot;&quot;,&quot;id&quot;:&quot;&quot;,&quot;size&quot;:&quot;&quot;},&quot;_id&quot;:&quot;e82484f&quot;,&quot;jet_parallax_layout_image_tablet&quot;:{&quot;url&quot;:&quot;&quot;,&quot;id&quot;:&quot;&quot;,&quot;size&quot;:&quot;&quot;},&quot;jet_parallax_layout_image_mobile&quot;:{&quot;url&quot;:&quot;&quot;,&quot;id&quot;:&quot;&quot;,&quot;size&quot;:&quot;&quot;},&quot;jet_parallax_layout_speed&quot;:{&quot;unit&quot;:&quot;%&quot;,&quot;size&quot;:50,&quot;sizes&quot;:[]},&quot;jet_parallax_layout_type&quot;:&quot;scroll&quot;,&quot;jet_parallax_layout_direction&quot;:&quot;1&quot;,&quot;jet_parallax_layout_fx_direction&quot;:null,&quot;jet_parallax_layout_z_index&quot;:&quot;&quot;,&quot;jet_parallax_layout_bg_x&quot;:50,&quot;jet_parallax_layout_bg_x_tablet&quot;:&quot;&quot;,&quot;jet_parallax_layout_bg_x_mobile&quot;:&quot;&quot;,&quot;jet_parallax_layout_bg_y&quot;:50,&quot;jet_parallax_layout_bg_y_tablet&quot;:&quot;&quot;,&quot;jet_parallax_layout_bg_y_mobile&quot;:&quot;&quot;,&quot;jet_parallax_layout_bg_size&quot;:&quot;auto&quot;,&quot;jet_parallax_layout_bg_size_tablet&quot;:&quot;&quot;,&quot;jet_parallax_layout_bg_size_mobile&quot;:&quot;&quot;,&quot;jet_parallax_layout_animation_prop&quot;:&quot;transform&quot;,&quot;jet_parallax_layout_on&quot;:[&quot;desktop&quot;,&quot;tablet&quot;]}]}\">\n\t\t\t\t\t\t<div class=\"elementor-container elementor-column-gap-default\">\n\t\t\t\t\t<div class=\"elementor-column elementor-col-100 elementor-top-column elementor-element elementor-element-d75a000\" data-id=\"d75a000\" data-element_type=\"column\" data-e-type=\"column\">\n\t\t\t<div class=\"elementor-widget-wrap elementor-element-populated\">\n\t\t\t\t\t\t<div class=\"elementor-element elementor-element-6ee500f elementor-widget elementor-widget-spacer\" data-id=\"6ee500f\" data-element_type=\"widget\" data-e-type=\"widget\" data-widget_type=\"spacer.default\">\n\t\t\t\t\t\t\t<div class=\"elementor-spacer\">\n\t\t\t<div class=\"elementor-spacer-inner\"><\/div>\n\t\t<\/div>\n\t\t\t\t\t\t<\/div>\n\t\t\t\t\t<\/div>\n\t\t<\/div>\n\t\t\t\t\t<\/div>\n\t\t<\/section>\n\t\t<!-- dce invisible element 6d95e02 -->\t\t<\/div>\n\t\t","protected":false},"excerpt":{"rendered":"<p>NIC TV NIC TV HOME Sieh dir unseren Live-Stream an, jeweils &#8230; Sonntags: 9.30 Uhr | Gottesdienst: Youtube LIVEMittwochs: 19 Uhr | Prophetische Gebetsbegegnung: mit Apostle John SagoeFreitags: 19 Uhr | Gebet bringt Ver\u00e4nderung &#8211; Prophetisch Gebet &amp; F\u00fcrbitte: Youtube LIVE (Pr\u00fcfe die Zeitzone hier) Der Livestream startet automatisch Facebook Twitter LinkedIn WhatsApp Email Jetzt [&hellip;]<\/p>\n","protected":false},"author":1,"featured_media":0,"parent":4084,"menu_order":0,"comment_status":"closed","ping_status":"closed","template":"elementor_header_footer","meta":{"footnotes":""},"class_list":["post-4093","page","type-page","status-publish","hentry"],"yoast_head":"<!-- This site is optimized with the Yoast SEO plugin v27.4 - https:\/\/yoast.com\/product\/yoast-seo-wordpress\/ -->\n<title>NIC-TV - New International Church<\/title>\n<meta name=\"description\" content=\"Willkommen im Zuhause der Wiederherstellung. Wir sind eine prophetisch-apostolische Bewegung auf gegenw\u00e4rtig drei Kontinenten. Jesus ist unser Herr, Gebet ist der Schl\u00fcssel, Gottes Zeit ist die Beste um Unerreichte zu erreichen.\" \/>\n<meta name=\"robots\" content=\"index, follow, max-snippet:-1, max-image-preview:large, max-video-preview:-1\" \/>\n<link rel=\"canonical\" href=\"https:\/\/nic-basel.ch\/de\/verbinden\/schalt-ein\/\" \/>\n<meta property=\"og:locale\" content=\"de_DE\" \/>\n<meta property=\"og:type\" content=\"article\" \/>\n<meta property=\"og:title\" content=\"NIC-TV - New International Church\" \/>\n<meta property=\"og:description\" content=\"Willkommen im Zuhause der Wiederherstellung. Wir sind eine prophetisch-apostolische Bewegung auf gegenw\u00e4rtig drei Kontinenten. Jesus ist unser Herr, Gebet ist der Schl\u00fcssel, Gottes Zeit ist die Beste um Unerreichte zu erreichen.\" \/>\n<meta property=\"og:url\" content=\"https:\/\/nic-basel.ch\/de\/verbinden\/schalt-ein\/\" \/>\n<meta property=\"og:site_name\" content=\"New International Church\" \/>\n<meta property=\"article:publisher\" content=\"https:\/\/www.facebook.com\/nicbasel\" \/>\n<meta property=\"article:modified_time\" content=\"2024-03-06T13:08:22+00:00\" \/>\n<meta property=\"og:image\" content=\"https:\/\/i.ytimg.com\/vi\/QxuZ0wJkMbM\/hqdefault.jpg\" \/>\n<meta name=\"twitter:card\" content=\"summary_large_image\" \/>\n<meta name=\"twitter:label1\" content=\"Gesch\u00e4tzte Lesezeit\" \/>\n\t<meta name=\"twitter:data1\" content=\"4\u00a0Minuten\" \/>\n<script type=\"application\/ld+json\" class=\"yoast-schema-graph\">{\"@context\":\"https:\\\/\\\/schema.org\",\"@graph\":[{\"@type\":\"WebPage\",\"@id\":\"https:\\\/\\\/nic-basel.ch\\\/de\\\/verbinden\\\/schalt-ein\\\/\",\"url\":\"https:\\\/\\\/nic-basel.ch\\\/de\\\/verbinden\\\/schalt-ein\\\/\",\"name\":\"NIC-TV - New International Church\",\"isPartOf\":{\"@id\":\"https:\\\/\\\/nic-basel.ch\\\/de\\\/#website\"},\"primaryImageOfPage\":{\"@id\":\"https:\\\/\\\/nic-basel.ch\\\/de\\\/verbinden\\\/schalt-ein\\\/#primaryimage\"},\"image\":{\"@id\":\"https:\\\/\\\/nic-basel.ch\\\/de\\\/verbinden\\\/schalt-ein\\\/#primaryimage\"},\"thumbnailUrl\":\"https:\\\/\\\/i.ytimg.com\\\/vi\\\/QxuZ0wJkMbM\\\/hqdefault.jpg\",\"datePublished\":\"2020-04-23T19:32:44+00:00\",\"dateModified\":\"2024-03-06T13:08:22+00:00\",\"description\":\"Willkommen im Zuhause der Wiederherstellung. Wir sind eine prophetisch-apostolische Bewegung auf gegenw\u00e4rtig drei Kontinenten. Jesus ist unser Herr, Gebet ist der Schl\u00fcssel, Gottes Zeit ist die Beste um Unerreichte zu erreichen.\",\"breadcrumb\":{\"@id\":\"https:\\\/\\\/nic-basel.ch\\\/de\\\/verbinden\\\/schalt-ein\\\/#breadcrumb\"},\"inLanguage\":\"de\",\"potentialAction\":[{\"@type\":\"ReadAction\",\"target\":[\"https:\\\/\\\/nic-basel.ch\\\/de\\\/verbinden\\\/schalt-ein\\\/\"]}]},{\"@type\":\"ImageObject\",\"inLanguage\":\"de\",\"@id\":\"https:\\\/\\\/nic-basel.ch\\\/de\\\/verbinden\\\/schalt-ein\\\/#primaryimage\",\"url\":\"https:\\\/\\\/i.ytimg.com\\\/vi\\\/QxuZ0wJkMbM\\\/hqdefault.jpg\",\"contentUrl\":\"https:\\\/\\\/i.ytimg.com\\\/vi\\\/QxuZ0wJkMbM\\\/hqdefault.jpg\"},{\"@type\":\"BreadcrumbList\",\"@id\":\"https:\\\/\\\/nic-basel.ch\\\/de\\\/verbinden\\\/schalt-ein\\\/#breadcrumb\",\"itemListElement\":[{\"@type\":\"ListItem\",\"position\":1,\"name\":\"Home\",\"item\":\"https:\\\/\\\/nic-basel.ch\\\/de\\\/\"},{\"@type\":\"ListItem\",\"position\":2,\"name\":\"Connect\",\"item\":\"https:\\\/\\\/nic-basel.ch\\\/de\\\/verbinden\\\/\"},{\"@type\":\"ListItem\",\"position\":3,\"name\":\"NIC-TV\"}]},{\"@type\":\"WebSite\",\"@id\":\"https:\\\/\\\/nic-basel.ch\\\/de\\\/#website\",\"url\":\"https:\\\/\\\/nic-basel.ch\\\/de\\\/\",\"name\":\"New International Church Basel\",\"description\":\"Welcome to the Home of Restoration - Willkommen im Zuhause der Wiederherstellung\",\"publisher\":{\"@id\":\"https:\\\/\\\/nic-basel.ch\\\/de\\\/#organization\"},\"potentialAction\":[{\"@type\":\"SearchAction\",\"target\":{\"@type\":\"EntryPoint\",\"urlTemplate\":\"https:\\\/\\\/nic-basel.ch\\\/de\\\/?s={search_term_string}\"},\"query-input\":{\"@type\":\"PropertyValueSpecification\",\"valueRequired\":true,\"valueName\":\"search_term_string\"}}],\"inLanguage\":\"de\"},{\"@type\":\"Organization\",\"@id\":\"https:\\\/\\\/nic-basel.ch\\\/de\\\/#organization\",\"name\":\"New International Church\",\"url\":\"https:\\\/\\\/nic-basel.ch\\\/de\\\/\",\"logo\":{\"@type\":\"ImageObject\",\"inLanguage\":\"de\",\"@id\":\"https:\\\/\\\/nic-basel.ch\\\/de\\\/#\\\/schema\\\/logo\\\/image\\\/\",\"url\":\"https:\\\/\\\/nic-basel.ch\\\/wp-content\\\/uploads\\\/2020\\\/04\\\/secondary_circle_logo.png\",\"contentUrl\":\"https:\\\/\\\/nic-basel.ch\\\/wp-content\\\/uploads\\\/2020\\\/04\\\/secondary_circle_logo.png\",\"width\":690,\"height\":690,\"caption\":\"New International Church\"},\"image\":{\"@id\":\"https:\\\/\\\/nic-basel.ch\\\/de\\\/#\\\/schema\\\/logo\\\/image\\\/\"},\"sameAs\":[\"https:\\\/\\\/www.facebook.com\\\/nicbasel\",\"https:\\\/\\\/www.instagram.com\\\/nicbasel\\\/\",\"https:\\\/\\\/www.youtube.com\\\/@newinternationalchurchbasel\"]}]}<\/script>\n<!-- \/ Yoast SEO plugin. -->","yoast_head_json":{"title":"NIC-TV - New International Church","description":"Willkommen im Zuhause der Wiederherstellung. Wir sind eine prophetisch-apostolische Bewegung auf gegenw\u00e4rtig drei Kontinenten. Jesus ist unser Herr, Gebet ist der Schl\u00fcssel, Gottes Zeit ist die Beste um Unerreichte zu erreichen.","robots":{"index":"index","follow":"follow","max-snippet":"max-snippet:-1","max-image-preview":"max-image-preview:large","max-video-preview":"max-video-preview:-1"},"canonical":"https:\/\/nic-basel.ch\/de\/verbinden\/schalt-ein\/","og_locale":"de_DE","og_type":"article","og_title":"NIC-TV - New International Church","og_description":"Willkommen im Zuhause der Wiederherstellung. Wir sind eine prophetisch-apostolische Bewegung auf gegenw\u00e4rtig drei Kontinenten. Jesus ist unser Herr, Gebet ist der Schl\u00fcssel, Gottes Zeit ist die Beste um Unerreichte zu erreichen.","og_url":"https:\/\/nic-basel.ch\/de\/verbinden\/schalt-ein\/","og_site_name":"New International Church","article_publisher":"https:\/\/www.facebook.com\/nicbasel","article_modified_time":"2024-03-06T13:08:22+00:00","og_image":[{"url":"https:\/\/i.ytimg.com\/vi\/QxuZ0wJkMbM\/hqdefault.jpg","type":"","width":"","height":""}],"twitter_card":"summary_large_image","twitter_misc":{"Gesch\u00e4tzte Lesezeit":"4\u00a0Minuten"},"schema":{"@context":"https:\/\/schema.org","@graph":[{"@type":"WebPage","@id":"https:\/\/nic-basel.ch\/de\/verbinden\/schalt-ein\/","url":"https:\/\/nic-basel.ch\/de\/verbinden\/schalt-ein\/","name":"NIC-TV - New International Church","isPartOf":{"@id":"https:\/\/nic-basel.ch\/de\/#website"},"primaryImageOfPage":{"@id":"https:\/\/nic-basel.ch\/de\/verbinden\/schalt-ein\/#primaryimage"},"image":{"@id":"https:\/\/nic-basel.ch\/de\/verbinden\/schalt-ein\/#primaryimage"},"thumbnailUrl":"https:\/\/i.ytimg.com\/vi\/QxuZ0wJkMbM\/hqdefault.jpg","datePublished":"2020-04-23T19:32:44+00:00","dateModified":"2024-03-06T13:08:22+00:00","description":"Willkommen im Zuhause der Wiederherstellung. Wir sind eine prophetisch-apostolische Bewegung auf gegenw\u00e4rtig drei Kontinenten. Jesus ist unser Herr, Gebet ist der Schl\u00fcssel, Gottes Zeit ist die Beste um Unerreichte zu erreichen.","breadcrumb":{"@id":"https:\/\/nic-basel.ch\/de\/verbinden\/schalt-ein\/#breadcrumb"},"inLanguage":"de","potentialAction":[{"@type":"ReadAction","target":["https:\/\/nic-basel.ch\/de\/verbinden\/schalt-ein\/"]}]},{"@type":"ImageObject","inLanguage":"de","@id":"https:\/\/nic-basel.ch\/de\/verbinden\/schalt-ein\/#primaryimage","url":"https:\/\/i.ytimg.com\/vi\/QxuZ0wJkMbM\/hqdefault.jpg","contentUrl":"https:\/\/i.ytimg.com\/vi\/QxuZ0wJkMbM\/hqdefault.jpg"},{"@type":"BreadcrumbList","@id":"https:\/\/nic-basel.ch\/de\/verbinden\/schalt-ein\/#breadcrumb","itemListElement":[{"@type":"ListItem","position":1,"name":"Home","item":"https:\/\/nic-basel.ch\/de\/"},{"@type":"ListItem","position":2,"name":"Connect","item":"https:\/\/nic-basel.ch\/de\/verbinden\/"},{"@type":"ListItem","position":3,"name":"NIC-TV"}]},{"@type":"WebSite","@id":"https:\/\/nic-basel.ch\/de\/#website","url":"https:\/\/nic-basel.ch\/de\/","name":"New International Church Basel","description":"Welcome to the Home of Restoration - Willkommen im Zuhause der Wiederherstellung","publisher":{"@id":"https:\/\/nic-basel.ch\/de\/#organization"},"potentialAction":[{"@type":"SearchAction","target":{"@type":"EntryPoint","urlTemplate":"https:\/\/nic-basel.ch\/de\/?s={search_term_string}"},"query-input":{"@type":"PropertyValueSpecification","valueRequired":true,"valueName":"search_term_string"}}],"inLanguage":"de"},{"@type":"Organization","@id":"https:\/\/nic-basel.ch\/de\/#organization","name":"New International Church","url":"https:\/\/nic-basel.ch\/de\/","logo":{"@type":"ImageObject","inLanguage":"de","@id":"https:\/\/nic-basel.ch\/de\/#\/schema\/logo\/image\/","url":"https:\/\/nic-basel.ch\/wp-content\/uploads\/2020\/04\/secondary_circle_logo.png","contentUrl":"https:\/\/nic-basel.ch\/wp-content\/uploads\/2020\/04\/secondary_circle_logo.png","width":690,"height":690,"caption":"New International Church"},"image":{"@id":"https:\/\/nic-basel.ch\/de\/#\/schema\/logo\/image\/"},"sameAs":["https:\/\/www.facebook.com\/nicbasel","https:\/\/www.instagram.com\/nicbasel\/","https:\/\/www.youtube.com\/@newinternationalchurchbasel"]}]}},"_links":{"self":[{"href":"https:\/\/nic-basel.ch\/de\/wp-json\/wp\/v2\/pages\/4093","targetHints":{"allow":["GET"]}}],"collection":[{"href":"https:\/\/nic-basel.ch\/de\/wp-json\/wp\/v2\/pages"}],"about":[{"href":"https:\/\/nic-basel.ch\/de\/wp-json\/wp\/v2\/types\/page"}],"author":[{"embeddable":true,"href":"https:\/\/nic-basel.ch\/de\/wp-json\/wp\/v2\/users\/1"}],"replies":[{"embeddable":true,"href":"https:\/\/nic-basel.ch\/de\/wp-json\/wp\/v2\/comments?post=4093"}],"version-history":[{"count":0,"href":"https:\/\/nic-basel.ch\/de\/wp-json\/wp\/v2\/pages\/4093\/revisions"}],"up":[{"embeddable":true,"href":"https:\/\/nic-basel.ch\/de\/wp-json\/wp\/v2\/pages\/4084"}],"wp:attachment":[{"href":"https:\/\/nic-basel.ch\/de\/wp-json\/wp\/v2\/media?parent=4093"}],"curies":[{"name":"wp","href":"https:\/\/api.w.org\/{rel}","templated":true}]}}