{"id":10956,"date":"2021-01-19T10:43:49","date_gmt":"2021-01-19T10:43:49","guid":{"rendered":"https:\/\/nic-basel.ch\/spende\/hier-spenden\/"},"modified":"2023-02-16T17:43:42","modified_gmt":"2023-02-16T17:43:42","slug":"fehler","status":"publish","type":"page","link":"https:\/\/nic-basel.ch\/de\/spende\/fehler\/","title":{"rendered":"Fehler"},"content":{"rendered":"\t\t<div data-elementor-type=\"wp-page\" data-elementor-id=\"10956\" class=\"elementor elementor-10956 elementor-9443\" data-elementor-post-type=\"page\">\n\t\t\t\t\t\t<section class=\"elementor-section elementor-top-section elementor-element elementor-element-32230c3 elementor-section-full_width elementor-section-height-full elementor-section-height-default elementor-section-items-middle\" data-id=\"32230c3\" data-element_type=\"section\" data-e-type=\"section\" data-settings=\"{&quot;jet_parallax_layout_list&quot;:[],&quot;background_background&quot;:&quot;classic&quot;}\">\n\t\t\t\t\t\t<div class=\"elementor-container elementor-column-gap-no\">\n\t\t\t\t\t<div class=\"elementor-column elementor-col-100 elementor-top-column elementor-element elementor-element-ef4c72f\" data-id=\"ef4c72f\" data-element_type=\"column\" data-e-type=\"column\">\n\t\t\t<div class=\"elementor-widget-wrap elementor-element-populated\">\n\t\t\t\t\t\t<section class=\"elementor-section elementor-inner-section elementor-element elementor-element-521dfa1 elementor-section-boxed elementor-section-height-default elementor-section-height-default\" data-id=\"521dfa1\" data-element_type=\"section\" data-e-type=\"section\" data-settings=\"{&quot;jet_parallax_layout_list&quot;:[{&quot;_id&quot;:&quot;432e1f2&quot;,&quot;jet_parallax_layout_image&quot;:{&quot;url&quot;:&quot;&quot;,&quot;id&quot;:&quot;&quot;,&quot;size&quot;:&quot;&quot;},&quot;jet_parallax_layout_image_tablet&quot;:{&quot;url&quot;:&quot;&quot;,&quot;id&quot;:&quot;&quot;,&quot;size&quot;:&quot;&quot;},&quot;jet_parallax_layout_image_mobile&quot;:{&quot;url&quot;:&quot;&quot;,&quot;id&quot;:&quot;&quot;,&quot;size&quot;:&quot;&quot;},&quot;jet_parallax_layout_speed&quot;:{&quot;unit&quot;:&quot;%&quot;,&quot;size&quot;:50,&quot;sizes&quot;:[]},&quot;jet_parallax_layout_type&quot;:&quot;scroll&quot;,&quot;jet_parallax_layout_direction&quot;:&quot;1&quot;,&quot;jet_parallax_layout_fx_direction&quot;:null,&quot;jet_parallax_layout_z_index&quot;:&quot;&quot;,&quot;jet_parallax_layout_bg_x&quot;:50,&quot;jet_parallax_layout_bg_x_tablet&quot;:&quot;&quot;,&quot;jet_parallax_layout_bg_x_mobile&quot;:&quot;&quot;,&quot;jet_parallax_layout_bg_y&quot;:50,&quot;jet_parallax_layout_bg_y_tablet&quot;:&quot;&quot;,&quot;jet_parallax_layout_bg_y_mobile&quot;:&quot;&quot;,&quot;jet_parallax_layout_bg_size&quot;:&quot;auto&quot;,&quot;jet_parallax_layout_bg_size_tablet&quot;:&quot;&quot;,&quot;jet_parallax_layout_bg_size_mobile&quot;:&quot;&quot;,&quot;jet_parallax_layout_animation_prop&quot;:&quot;transform&quot;,&quot;jet_parallax_layout_on&quot;:[&quot;desktop&quot;,&quot;tablet&quot;]}]}\">\n\t\t\t\t\t\t<div class=\"elementor-container elementor-column-gap-default\">\n\t\t\t\t\t<div class=\"elementor-column elementor-col-33 elementor-inner-column elementor-element elementor-element-165369c\" data-id=\"165369c\" data-element_type=\"column\" data-e-type=\"column\">\n\t\t\t<div class=\"elementor-widget-wrap elementor-element-populated\">\n\t\t\t\t\t\t<div class=\"elementor-element elementor-element-e83cd9f elementor-widget elementor-widget-jet-button\" data-id=\"e83cd9f\" data-element_type=\"widget\" data-e-type=\"widget\" data-widget_type=\"jet-button.default\">\n\t\t\t\t<div class=\"elementor-widget-container\">\n\t\t\t\t\t<div class=\"elementor-jet-button jet-elements\"><div class=\"jet-button__container\">\n\t<a class=\"jet-button__instance jet-button__instance--icon-left hover-effect-1\" href=\"https:\/\/nic-basel.ch\/en\/give\/\">\n\t\t<div class=\"jet-button__plane jet-button__plane-normal\"><\/div>\n\t\t<div class=\"jet-button__plane jet-button__plane-hover\"><\/div>\n\t\t<div class=\"jet-button__state jet-button__state-normal\">\n\t\t\t<span class=\"jet-button__icon jet-elements-icon\"><i aria-hidden=\"true\" class=\"fas fa-arrow-left\"><\/i><\/span><span class=\"jet-button__label\">zur\u00fcck zur Homepage<\/span>\t\t<\/div>\n\t\t<div class=\"jet-button__state jet-button__state-hover\">\n\t\t\t<span class=\"jet-button__icon jet-elements-icon\"><i aria-hidden=\"true\" class=\"far fa-arrow-alt-circle-left\"><\/i><\/span><span class=\"jet-button__label\">zur\u00fcck zur Homepage<\/span>\t\t<\/div>\n\t<\/a>\n<\/div>\n<\/div>\t\t\t\t<\/div>\n\t\t\t\t<\/div>\n\t\t\t\t\t<\/div>\n\t\t<\/div>\n\t\t\t\t<div class=\"elementor-column elementor-col-33 elementor-inner-column elementor-element elementor-element-abe2a07\" data-id=\"abe2a07\" data-element_type=\"column\" data-e-type=\"column\">\n\t\t\t<div class=\"elementor-widget-wrap elementor-element-populated\">\n\t\t\t\t\t\t<div class=\"elementor-element elementor-element-aef16b0 elementor-view-default elementor-position-block-start elementor-mobile-position-block-start elementor-widget elementor-widget-icon-box\" data-id=\"aef16b0\" data-element_type=\"widget\" data-e-type=\"widget\" data-widget_type=\"icon-box.default\">\n\t\t\t\t\t\t\t<div class=\"elementor-icon-box-wrapper\">\n\n\t\t\t\t\t\t<div class=\"elementor-icon-box-icon\">\n\t\t\t\t<span  class=\"elementor-icon\">\n\t\t\t\t<i aria-hidden=\"true\" class=\"fas fa-church\"><\/i>\t\t\t\t<\/span>\n\t\t\t<\/div>\n\t\t\t\n\t\t\t\t\t\t<div class=\"elementor-icon-box-content\">\n\n\t\t\t\t\t\t\t\t\t<h3 class=\"elementor-icon-box-title\">\n\t\t\t\t\t\t<span  >\n\t\t\t\t\t\t\tUps, etwas ist schief gelaufen!\t\t\t\t\t\t<\/span>\n\t\t\t\t\t<\/h3>\n\t\t\t\t\n\t\t\t\t\t\t\t\t\t<p class=\"elementor-icon-box-description\">\n\t\t\t\t\t\t<em>Bei Ihrer Transaktion ist etwas schief gelaufen!  <br>Kein Problem! Das Beste, was Sie tun k\u00f6nnen, ist, es mit einer anderen Karte zu versuchen.<\/em><p><p><em>Vielen Dank. Ohne Spendengeber wie Du kann unsere Kirche keinen Einfluss auf unsere Gesellschaft aus\u00fcben. Mit deiner Unterst\u00fctzung helfen wir Menschen, von allen M\u00f6glichen Situationen wiederhergestellt zu werden, \nsie auf globale Missionsreisen auszusenden, Menschen wie dich in J\u00fcngerschaft zu trainieren und aufstrebende Leiter zu coachen. <br><br>Gemeinsam k\u00f6nnen wir etwas bewegen.<\/em><\/p>\t\t\t\t\t<\/p>\n\t\t\t\t\n\t\t\t<\/div>\n\t\t\t\n\t\t<\/div>\n\t\t\t\t\t\t<\/div>\n\t\t\t\t\t<\/div>\n\t\t<\/div>\n\t\t\t\t<div class=\"elementor-column elementor-col-33 elementor-inner-column elementor-element elementor-element-298492f\" data-id=\"298492f\" data-element_type=\"column\" data-e-type=\"column\">\n\t\t\t<div class=\"elementor-widget-wrap\">\n\t\t\t\t\t\t\t<\/div>\n\t\t<\/div>\n\t\t\t\t\t<\/div>\n\t\t<\/section>\n\t\t\t\t\t<\/div>\n\t\t<\/div>\n\t\t\t\t\t<\/div>\n\t\t<\/section>\n\t\t\t\t<\/div>\n\t\t","protected":false},"excerpt":{"rendered":"<p>Ups, etwas ist schief gelaufen! Bei Ihrer Transaktion ist etwas schief gelaufen! Kein Problem! Das Beste, was Sie tun k\u00f6nnen, ist, es mit einer anderen Karte zu versuchen. Vielen Dank. Ohne Spendengeber wie Du kann unsere Kirche keinen Einfluss auf unsere Gesellschaft aus\u00fcben. Mit deiner Unterst\u00fctzung helfen wir Menschen, von allen M\u00f6glichen Situationen wiederhergestellt zu [&hellip;]<\/p>\n","protected":false},"author":1,"featured_media":0,"parent":3729,"menu_order":0,"comment_status":"closed","ping_status":"closed","template":"elementor_canvas","meta":{"footnotes":""},"class_list":["post-10956","page","type-page","status-publish","hentry"],"yoast_head":"<!-- This site is optimized with the Yoast SEO plugin v27.5 - https:\/\/yoast.com\/product\/yoast-seo-wordpress\/ -->\n<title>Fehler - New International Church<\/title>\n<meta name=\"description\" content=\"Willkommen im Zuhause der Wiederherstellung. Wir sind eine prophetisch-apostolische Bewegung auf gegenw\u00e4rtig drei Kontinenten. Jesus ist unser Herr, Gebet ist der Schl\u00fcssel, Gottes Zeit ist die Beste um Unerreichte zu erreichen.\" \/>\n<meta name=\"robots\" content=\"index, follow, max-snippet:-1, max-image-preview:large, max-video-preview:-1\" \/>\n<link rel=\"canonical\" href=\"https:\/\/nic-basel.ch\/de\/spende\/fehler\/\" \/>\n<meta property=\"og:locale\" content=\"de_DE\" \/>\n<meta property=\"og:type\" content=\"article\" \/>\n<meta property=\"og:title\" content=\"Fehler - New International Church\" \/>\n<meta property=\"og:description\" content=\"Willkommen im Zuhause der Wiederherstellung. Wir sind eine prophetisch-apostolische Bewegung auf gegenw\u00e4rtig drei Kontinenten. Jesus ist unser Herr, Gebet ist der Schl\u00fcssel, Gottes Zeit ist die Beste um Unerreichte zu erreichen.\" \/>\n<meta property=\"og:url\" content=\"https:\/\/nic-basel.ch\/de\/spende\/fehler\/\" \/>\n<meta property=\"og:site_name\" content=\"New International Church\" \/>\n<meta property=\"article:publisher\" content=\"https:\/\/www.facebook.com\/nicbasel\" \/>\n<meta property=\"article:modified_time\" content=\"2023-02-16T17:43:42+00:00\" \/>\n<meta property=\"og:image\" content=\"https:\/\/nic-basel.ch\/wp-content\/uploads\/2024\/02\/web_header.jpg\" \/>\n\t<meta property=\"og:image:width\" content=\"2055\" \/>\n\t<meta property=\"og:image:height\" content=\"1265\" \/>\n\t<meta property=\"og:image:type\" content=\"image\/jpeg\" \/>\n<meta name=\"twitter:card\" content=\"summary_large_image\" \/>\n<script type=\"application\/ld+json\" class=\"yoast-schema-graph\">{\"@context\":\"https:\\\/\\\/schema.org\",\"@graph\":[{\"@type\":\"WebPage\",\"@id\":\"https:\\\/\\\/nic-basel.ch\\\/de\\\/spende\\\/fehler\\\/\",\"url\":\"https:\\\/\\\/nic-basel.ch\\\/de\\\/spende\\\/fehler\\\/\",\"name\":\"Fehler - New International Church\",\"isPartOf\":{\"@id\":\"https:\\\/\\\/nic-basel.ch\\\/de\\\/#website\"},\"datePublished\":\"2021-01-19T10:43:49+00:00\",\"dateModified\":\"2023-02-16T17:43:42+00:00\",\"description\":\"Willkommen im Zuhause der Wiederherstellung. Wir sind eine prophetisch-apostolische Bewegung auf gegenw\u00e4rtig drei Kontinenten. Jesus ist unser Herr, Gebet ist der Schl\u00fcssel, Gottes Zeit ist die Beste um Unerreichte zu erreichen.\",\"breadcrumb\":{\"@id\":\"https:\\\/\\\/nic-basel.ch\\\/de\\\/spende\\\/fehler\\\/#breadcrumb\"},\"inLanguage\":\"de\",\"potentialAction\":[{\"@type\":\"ReadAction\",\"target\":[\"https:\\\/\\\/nic-basel.ch\\\/de\\\/spende\\\/fehler\\\/\"]}]},{\"@type\":\"BreadcrumbList\",\"@id\":\"https:\\\/\\\/nic-basel.ch\\\/de\\\/spende\\\/fehler\\\/#breadcrumb\",\"itemListElement\":[{\"@type\":\"ListItem\",\"position\":1,\"name\":\"Home\",\"item\":\"https:\\\/\\\/nic-basel.ch\\\/de\\\/\"},{\"@type\":\"ListItem\",\"position\":2,\"name\":\"Spende\",\"item\":\"https:\\\/\\\/nic-basel.ch\\\/de\\\/spende\\\/\"},{\"@type\":\"ListItem\",\"position\":3,\"name\":\"Fehler\"}]},{\"@type\":\"WebSite\",\"@id\":\"https:\\\/\\\/nic-basel.ch\\\/de\\\/#website\",\"url\":\"https:\\\/\\\/nic-basel.ch\\\/de\\\/\",\"name\":\"New International Church Basel\",\"description\":\"Welcome to the Home of Restoration - Willkommen im Zuhause der Wiederherstellung\",\"publisher\":{\"@id\":\"https:\\\/\\\/nic-basel.ch\\\/de\\\/#organization\"},\"potentialAction\":[{\"@type\":\"SearchAction\",\"target\":{\"@type\":\"EntryPoint\",\"urlTemplate\":\"https:\\\/\\\/nic-basel.ch\\\/de\\\/?s={search_term_string}\"},\"query-input\":{\"@type\":\"PropertyValueSpecification\",\"valueRequired\":true,\"valueName\":\"search_term_string\"}}],\"inLanguage\":\"de\"},{\"@type\":\"Organization\",\"@id\":\"https:\\\/\\\/nic-basel.ch\\\/de\\\/#organization\",\"name\":\"New International Church\",\"url\":\"https:\\\/\\\/nic-basel.ch\\\/de\\\/\",\"logo\":{\"@type\":\"ImageObject\",\"inLanguage\":\"de\",\"@id\":\"https:\\\/\\\/nic-basel.ch\\\/de\\\/#\\\/schema\\\/logo\\\/image\\\/\",\"url\":\"https:\\\/\\\/nic-basel.ch\\\/wp-content\\\/uploads\\\/2020\\\/04\\\/secondary_circle_logo.png\",\"contentUrl\":\"https:\\\/\\\/nic-basel.ch\\\/wp-content\\\/uploads\\\/2020\\\/04\\\/secondary_circle_logo.png\",\"width\":690,\"height\":690,\"caption\":\"New International Church\"},\"image\":{\"@id\":\"https:\\\/\\\/nic-basel.ch\\\/de\\\/#\\\/schema\\\/logo\\\/image\\\/\"},\"sameAs\":[\"https:\\\/\\\/www.facebook.com\\\/nicbasel\",\"https:\\\/\\\/www.instagram.com\\\/nicbasel\\\/\",\"https:\\\/\\\/www.youtube.com\\\/@newinternationalchurchbasel\"]}]}<\/script>\n<!-- \/ Yoast SEO plugin. -->","yoast_head_json":{"title":"Fehler - New International Church","description":"Willkommen im Zuhause der Wiederherstellung. Wir sind eine prophetisch-apostolische Bewegung auf gegenw\u00e4rtig drei Kontinenten. Jesus ist unser Herr, Gebet ist der Schl\u00fcssel, Gottes Zeit ist die Beste um Unerreichte zu erreichen.","robots":{"index":"index","follow":"follow","max-snippet":"max-snippet:-1","max-image-preview":"max-image-preview:large","max-video-preview":"max-video-preview:-1"},"canonical":"https:\/\/nic-basel.ch\/de\/spende\/fehler\/","og_locale":"de_DE","og_type":"article","og_title":"Fehler - New International Church","og_description":"Willkommen im Zuhause der Wiederherstellung. Wir sind eine prophetisch-apostolische Bewegung auf gegenw\u00e4rtig drei Kontinenten. Jesus ist unser Herr, Gebet ist der Schl\u00fcssel, Gottes Zeit ist die Beste um Unerreichte zu erreichen.","og_url":"https:\/\/nic-basel.ch\/de\/spende\/fehler\/","og_site_name":"New International Church","article_publisher":"https:\/\/www.facebook.com\/nicbasel","article_modified_time":"2023-02-16T17:43:42+00:00","og_image":[{"width":2055,"height":1265,"url":"https:\/\/nic-basel.ch\/wp-content\/uploads\/2024\/02\/web_header.jpg","type":"image\/jpeg"}],"twitter_card":"summary_large_image","schema":{"@context":"https:\/\/schema.org","@graph":[{"@type":"WebPage","@id":"https:\/\/nic-basel.ch\/de\/spende\/fehler\/","url":"https:\/\/nic-basel.ch\/de\/spende\/fehler\/","name":"Fehler - New International Church","isPartOf":{"@id":"https:\/\/nic-basel.ch\/de\/#website"},"datePublished":"2021-01-19T10:43:49+00:00","dateModified":"2023-02-16T17:43:42+00:00","description":"Willkommen im Zuhause der Wiederherstellung. Wir sind eine prophetisch-apostolische Bewegung auf gegenw\u00e4rtig drei Kontinenten. Jesus ist unser Herr, Gebet ist der Schl\u00fcssel, Gottes Zeit ist die Beste um Unerreichte zu erreichen.","breadcrumb":{"@id":"https:\/\/nic-basel.ch\/de\/spende\/fehler\/#breadcrumb"},"inLanguage":"de","potentialAction":[{"@type":"ReadAction","target":["https:\/\/nic-basel.ch\/de\/spende\/fehler\/"]}]},{"@type":"BreadcrumbList","@id":"https:\/\/nic-basel.ch\/de\/spende\/fehler\/#breadcrumb","itemListElement":[{"@type":"ListItem","position":1,"name":"Home","item":"https:\/\/nic-basel.ch\/de\/"},{"@type":"ListItem","position":2,"name":"Spende","item":"https:\/\/nic-basel.ch\/de\/spende\/"},{"@type":"ListItem","position":3,"name":"Fehler"}]},{"@type":"WebSite","@id":"https:\/\/nic-basel.ch\/de\/#website","url":"https:\/\/nic-basel.ch\/de\/","name":"New International Church Basel","description":"Welcome to the Home of Restoration - Willkommen im Zuhause der Wiederherstellung","publisher":{"@id":"https:\/\/nic-basel.ch\/de\/#organization"},"potentialAction":[{"@type":"SearchAction","target":{"@type":"EntryPoint","urlTemplate":"https:\/\/nic-basel.ch\/de\/?s={search_term_string}"},"query-input":{"@type":"PropertyValueSpecification","valueRequired":true,"valueName":"search_term_string"}}],"inLanguage":"de"},{"@type":"Organization","@id":"https:\/\/nic-basel.ch\/de\/#organization","name":"New International Church","url":"https:\/\/nic-basel.ch\/de\/","logo":{"@type":"ImageObject","inLanguage":"de","@id":"https:\/\/nic-basel.ch\/de\/#\/schema\/logo\/image\/","url":"https:\/\/nic-basel.ch\/wp-content\/uploads\/2020\/04\/secondary_circle_logo.png","contentUrl":"https:\/\/nic-basel.ch\/wp-content\/uploads\/2020\/04\/secondary_circle_logo.png","width":690,"height":690,"caption":"New International Church"},"image":{"@id":"https:\/\/nic-basel.ch\/de\/#\/schema\/logo\/image\/"},"sameAs":["https:\/\/www.facebook.com\/nicbasel","https:\/\/www.instagram.com\/nicbasel\/","https:\/\/www.youtube.com\/@newinternationalchurchbasel"]}]}},"_links":{"self":[{"href":"https:\/\/nic-basel.ch\/de\/wp-json\/wp\/v2\/pages\/10956","targetHints":{"allow":["GET"]}}],"collection":[{"href":"https:\/\/nic-basel.ch\/de\/wp-json\/wp\/v2\/pages"}],"about":[{"href":"https:\/\/nic-basel.ch\/de\/wp-json\/wp\/v2\/types\/page"}],"author":[{"embeddable":true,"href":"https:\/\/nic-basel.ch\/de\/wp-json\/wp\/v2\/users\/1"}],"replies":[{"embeddable":true,"href":"https:\/\/nic-basel.ch\/de\/wp-json\/wp\/v2\/comments?post=10956"}],"version-history":[{"count":0,"href":"https:\/\/nic-basel.ch\/de\/wp-json\/wp\/v2\/pages\/10956\/revisions"}],"up":[{"embeddable":true,"href":"https:\/\/nic-basel.ch\/de\/wp-json\/wp\/v2\/pages\/3729"}],"wp:attachment":[{"href":"https:\/\/nic-basel.ch\/de\/wp-json\/wp\/v2\/media?parent=10956"}],"curies":[{"name":"wp","href":"https:\/\/api.w.org\/{rel}","templated":true}]}}